
{"id":1234,"date":"2023-04-05T07:39:55","date_gmt":"2023-04-05T07:39:55","guid":{"rendered":"https:\/\/www.iibanks.com\/westafrica\/?page_id=1234"},"modified":"2025-08-25T10:09:38","modified_gmt":"2025-08-25T10:09:38","slug":"eventos-2022","status":"publish","type":"page","link":"https:\/\/www.iibanks.com\/westafrica\/pt\/comunicacao\/eventos-2022\/","title":{"rendered":"Eventos 2022"},"content":{"rendered":"<section class=\"wpb-content-wrapper\"><p>[vc_section full_width=&#8221;stretch_row_content&#8221; el_class=&#8221;image-banner-with-text&#8221; css=&#8221;.vc_custom_1661774187895{padding-top: 0px !important;padding-bottom: 0px !important;}&#8221;][vc_row tm_bgimagefixed=&#8221;&#8221; full_width=&#8221;stretch_row_content_no_spaces&#8221;][vc_column][vc_row_inner][vc_column_inner css=&#8221;.vc_custom_1659424244579{padding-left: 0px !important;}&#8221;][vc_single_image image=&#8221;979&#8243; img_size=&#8221;full&#8221; alignment=&#8221;center&#8221; css=&#8221;.vc_custom_1680246274370{margin-bottom: 0px !important;}&#8221;][vc_column_text css=&#8221;.vc_custom_1727158393558{margin-bottom: 0px !important;padding-top: 15px !important;padding-bottom: 15px !important;background-color: rgba(10,10,10,0.35) !important;*background-color: rgb(10,10,10) !important;}&#8221; el_class=&#8221;white-text banner-heading banner-text-box&#8221;]Eventos[\/vc_column_text][\/vc_column_inner][\/vc_row_inner][\/vc_column][\/vc_row][\/vc_section][vc_section el_class=&#8221;button-style-box custom-news-box custom-container-1299-width evntroW&#8221; css=&#8221;.vc_custom_1737544347876{padding-top: 65px !important;}&#8221;][vc_row tm_bgimagefixed=&#8221;&#8221; break_in_responsive=&#8221;1200&#8243;][vc_column width=&#8221;1\/5&#8243;][vc_row_inner css=&#8221;.vc_custom_1665403480032{padding-right: 17.5px !important;padding-left: 17.5px !important;}&#8221; tm_responsive_css=&#8221;64716387|colbreak_no||||||0||0|colbreak_no|||||||||colbreak_no||||||||||colbreak_no|||||||||&#8221;][vc_column_inner][vc_column_text css=&#8221;.vc_custom_1756116515310{margin-bottom: 65px !important;}&#8221;]<\/p>\n<div class=\"events-pages-links\" style=\"text-align: center;\"><a href=\"\/westafrica\/pt\/comunicacao\/eventos-2024\/\"><img decoding=\"async\" class=\"alignnone size-full wp-image-9633 events-pages-links-bg-blue\" src=\"\/wp-content\/uploads\/sites\/3\/2023\/03\/events-pages-links-bg-blue.png\" alt=\"\" width=\"47\" height=\"33\" \/><img decoding=\"async\" class=\"alignnone size-full wp-image-9634 events-pages-links-bg-grey\" src=\"\/wp-content\/uploads\/sites\/3\/2023\/03\/events-pages-links-bg-grey.png\" alt=\"\" width=\"47\" height=\"33\" \/>2024<\/a><\/div>\n<p>[\/vc_column_text][\/vc_column_inner][\/vc_row_inner][\/vc_column][vc_column width=&#8221;1\/5&#8243;][vc_row_inner css=&#8221;.vc_custom_1665403480032{padding-right: 17.5px !important;padding-left: 17.5px !important;}&#8221; tm_responsive_css=&#8221;64716387|colbreak_no||||||0||0|colbreak_no|||||||||colbreak_no||||||||||colbreak_no|||||||||&#8221;][vc_column_inner][vc_column_text css=&#8221;.vc_custom_1756116529198{margin-bottom: 65px !important;}&#8221;]<\/p>\n<div class=\"events-pages-links\" style=\"text-align: center;\"><a href=\"\/westafrica\/pt\/comunicacao\/eventos-2023\/\"><img decoding=\"async\" class=\"alignnone size-full wp-image-9633 events-pages-links-bg-blue\" src=\"\/wp-content\/uploads\/sites\/3\/2023\/03\/events-pages-links-bg-blue.png\" alt=\"\" width=\"47\" height=\"33\" \/><img decoding=\"async\" class=\"alignnone size-full wp-image-9634 events-pages-links-bg-grey\" src=\"\/wp-content\/uploads\/sites\/3\/2023\/03\/events-pages-links-bg-grey.png\" alt=\"\" width=\"47\" height=\"33\" \/>2023<\/a><\/div>\n<p>[\/vc_column_text][\/vc_column_inner][\/vc_row_inner][\/vc_column][vc_column width=&#8221;1\/5&#8243;][vc_row_inner css=&#8221;.vc_custom_1665403480032{padding-right: 17.5px !important;padding-left: 17.5px !important;}&#8221; tm_responsive_css=&#8221;64716387|colbreak_no||||||0||0|colbreak_no|||||||||colbreak_no||||||||||colbreak_no|||||||||&#8221;][vc_column_inner][vc_column_text css=&#8221;.vc_custom_1756116539846{margin-bottom: 65px !important;}&#8221;]<\/p>\n<div class=\"events-pages-links active\" style=\"text-align: center;\"><a href=\"\/westafrica\/pt\/comunicacao\/eventos-2022\/\"><img decoding=\"async\" class=\"alignnone size-full wp-image-9633 events-pages-links-bg-blue\" src=\"\/wp-content\/uploads\/sites\/3\/2023\/03\/events-pages-links-bg-blue.png\" alt=\"\" width=\"47\" height=\"33\" \/><img decoding=\"async\" class=\"alignnone size-full wp-image-9634 events-pages-links-bg-grey\" src=\"\/wp-content\/uploads\/sites\/3\/2023\/03\/events-pages-links-bg-grey.png\" alt=\"\" width=\"47\" height=\"33\" \/>2022<\/a><\/div>\n<p>[\/vc_column_text][\/vc_column_inner][\/vc_row_inner][\/vc_column][vc_column width=&#8221;1\/5&#8243;][vc_row_inner css=&#8221;.vc_custom_1665403494582{padding-right: 17.5px !important;padding-left: 17.5px !important;}&#8221; tm_responsive_css=&#8221;28323157|colbreak_no||||||0||0|colbreak_no|||||||||colbreak_no||||||||||colbreak_no|||||||||&#8221;][vc_column_inner][vc_column_text css=&#8221;.vc_custom_1756116558246{margin-bottom: 65px !important;}&#8221;]<\/p>\n<div class=\"events-pages-links\" style=\"text-align: center;\"><a href=\"\/westafrica\/pt\/comunicacao\/eventos-2021\/\"><img decoding=\"async\" class=\"alignnone size-full wp-image-9633 events-pages-links-bg-blue\" src=\"\/wp-content\/uploads\/sites\/3\/2023\/03\/events-pages-links-bg-blue.png\" alt=\"\" width=\"47\" height=\"33\" \/><img decoding=\"async\" class=\"alignnone size-full wp-image-9634 events-pages-links-bg-grey\" src=\"\/wp-content\/uploads\/sites\/3\/2023\/03\/events-pages-links-bg-grey.png\" alt=\"\" width=\"47\" height=\"33\" \/>2021<\/a><\/div>\n<p>[\/vc_column_text][\/vc_column_inner][\/vc_row_inner][\/vc_column][vc_column width=&#8221;1\/5&#8243;][vc_row_inner][vc_column_inner][vc_column_text css=&#8221;.vc_custom_1756116571638{margin-bottom: 65px !important;}&#8221;]<\/p>\n<div class=\"events-pages-links\" style=\"text-align: center;\"><a href=\"\/westafrica\/pt\/comunicacao\/eventos-2020\/\"><img decoding=\"async\" class=\"alignnone size-full wp-image-9633 events-pages-links-bg-blue\" src=\"\/wp-content\/uploads\/sites\/3\/2023\/03\/events-pages-links-bg-blue.png\" alt=\"\" width=\"47\" height=\"33\" \/><img decoding=\"async\" class=\"alignnone size-full wp-image-9634 events-pages-links-bg-grey\" src=\"\/wp-content\/uploads\/sites\/3\/2023\/03\/events-pages-links-bg-grey.png\" alt=\"\" width=\"47\" height=\"33\" \/>2020<\/a><\/div>\n<p>[\/vc_column_text][\/vc_column_inner][\/vc_row_inner][\/vc_column][\/vc_row][\/vc_section][vc_section el_class=&#8221;button-style-box custom-news-box custom-container-1299-width evntroW&#8221;][vc_row tm_bgimagefixed=&#8221;&#8221; break_in_responsive=&#8221;1200&#8243;][vc_column width=&#8221;1\/2&#8243;][vc_row_inner css=&#8221;.vc_custom_1665403480032{padding-right: 17.5px !important;padding-left: 17.5px !important;}&#8221; tm_responsive_css=&#8221;64716387|colbreak_no||||||0||0|colbreak_no|||||||||colbreak_no||||||||||colbreak_no|||||||||&#8221;][vc_column_inner][vc_images_carousel images=&#8221;985,984,983,982&#8243; img_size=&#8221;full&#8221; onclick=&#8221;link_no&#8221; hide_pagination_control=&#8221;yes&#8221; css=&#8221;.vc_custom_1680246570577{margin-bottom: 0px !important;}&#8221;][vc_column_text el_class=&#8221;custom-white-text-box&#8221; css=&#8221;.vc_custom_1672824824544{background-color: #efefef !important;}&#8221;]<\/p>\n<p class=\"tm-custom-heading \">O iibCV fecha o m\u00eas de Novembro Azul com uma conversa aberta com o Urologista, Dr. Jos\u00e9 Benvindo, sobre a import\u00e2ncia da preven\u00e7\u00e3o e do diagn\u00f3stico precoce do Cancro da Pr\u00f3stata.<\/p>\n<p>[\/vc_column_text][\/vc_column_inner][\/vc_row_inner][\/vc_column][vc_column width=&#8221;1\/2&#8243;][vc_row_inner css=&#8221;.vc_custom_1665403494582{padding-right: 17.5px !important;padding-left: 17.5px !important;}&#8221; tm_responsive_css=&#8221;28323157|colbreak_no||||||0||0|colbreak_no|||||||||colbreak_no||||||||||colbreak_no|||||||||&#8221;][vc_column_inner][vc_images_carousel images=&#8221;1163,1164,1165,1166&#8243; img_size=&#8221;full&#8221; onclick=&#8221;link_no&#8221; hide_pagination_control=&#8221;yes&#8221; css=&#8221;.vc_custom_1680676868718{margin-bottom: 0px !important;}&#8221;][vc_column_text el_class=&#8221;custom-white-text-box&#8221; css=&#8221;.vc_custom_1681376262167{background-color: #efefef !important;}&#8221;]International investment bank com representa\u00e7\u00e3o no Mindelo \u2013 S. Vicente.<br \/>\nServi\u00e7os Banc\u00e1rios rumo ao digital, sempre com Cabo Verde no Cora\u00e7\u00e3o.<br \/>\nVisite-nos na Ag\u00eancia dos Correios da mesma cidade!<\/p>\n<p>[\/vc_column_text][\/vc_column_inner][\/vc_row_inner][\/vc_column][\/vc_row][vc_row tm_bgimagefixed=&#8221;&#8221; break_in_responsive=&#8221;1200&#8243;][vc_column width=&#8221;1\/2&#8243;][vc_row_inner css=&#8221;.vc_custom_1665403480032{padding-right: 17.5px !important;padding-left: 17.5px !important;}&#8221; tm_responsive_css=&#8221;64716387|colbreak_no||||||0||0|colbreak_no|||||||||colbreak_no||||||||||colbreak_no|||||||||&#8221;][vc_column_inner][vc_images_carousel images=&#8221;1168,1169,1170,1171&#8243; img_size=&#8221;full&#8221; onclick=&#8221;link_no&#8221; hide_pagination_control=&#8221;yes&#8221; css=&#8221;.vc_custom_1680676995032{margin-bottom: 0px !important;}&#8221;][vc_column_text el_class=&#8221;custom-white-text-box&#8221; css=&#8221;.vc_custom_1672833060118{background-color: #efefef !important;}&#8221;]<\/p>\n<p class=\"tm-custom-heading \">O international investment bank participou na FIC 2022 em Mindelo \u2013 S\u00e3o Vicente.<br \/>\nUm obrigado a toda a fam\u00edlia iib e os parceiros que se envolveram neste importante projeto, bem como a todos os que visitaram o nosso Stand.<\/p>\n<p>[\/vc_column_text][\/vc_column_inner][\/vc_row_inner][\/vc_column][vc_column width=&#8221;1\/2&#8243;][vc_row_inner css=&#8221;.vc_custom_1665403494582{padding-right: 17.5px !important;padding-left: 17.5px !important;}&#8221; tm_responsive_css=&#8221;28323157|colbreak_no||||||0||0|colbreak_no|||||||||colbreak_no||||||||||colbreak_no|||||||||&#8221;][vc_column_inner][vc_images_carousel images=&#8221;1172,1173,1174,1175&#8243; img_size=&#8221;full&#8221; onclick=&#8221;link_no&#8221; hide_pagination_control=&#8221;yes&#8221; css=&#8221;.vc_custom_1680677120686{margin-bottom: 0px !important;}&#8221;][vc_column_text el_class=&#8221;custom-white-text-box&#8221; css=&#8221;.vc_custom_1672833067936{background-color: #efefef !important;}&#8221;]O iibCV fecha o Outubro Rosa, com uma conversa aberta com a Ginecologista e Obstetra Dra. Maria Alice Teixeira, sobre a import\u00e2ncia da preven\u00e7\u00e3o e do diagnostico precoce do Cancro da mama e do colo do \u00fatero.[\/vc_column_text][\/vc_column_inner][\/vc_row_inner][\/vc_column][\/vc_row][vc_row tm_bgimagefixed=&#8221;&#8221; break_in_responsive=&#8221;1200&#8243;][vc_column width=&#8221;1\/2&#8243;][vc_row_inner css=&#8221;.vc_custom_1665403480032{padding-right: 17.5px !important;padding-left: 17.5px !important;}&#8221; tm_responsive_css=&#8221;64716387|colbreak_no||||||0||0|colbreak_no|||||||||colbreak_no||||||||||colbreak_no|||||||||&#8221;][vc_column_inner][vc_images_carousel images=&#8221;1177,1178,1179,1180&#8243; img_size=&#8221;full&#8221; onclick=&#8221;link_no&#8221; hide_pagination_control=&#8221;yes&#8221; css=&#8221;.vc_custom_1680677312711{margin-bottom: 0px !important;}&#8221;][vc_column_text el_class=&#8221;custom-white-text-box&#8221; css=&#8221;.vc_custom_1672833084590{background-color: #efefef !important;}&#8221;]<\/p>\n<p class=\"tm-custom-heading \">iibCV lan\u00e7ou o Dep\u00f3sito a Prazo Indexado Solid\u00e1rio Aldeias SOS, resultante da parceria estabelecida entre o banco e as Aldeias Infantis SOS Cabo Verde.<\/p>\n<p>[\/vc_column_text][\/vc_column_inner][\/vc_row_inner][\/vc_column][vc_column width=&#8221;1\/2&#8243;][vc_row_inner css=&#8221;.vc_custom_1665403494582{padding-right: 17.5px !important;padding-left: 17.5px !important;}&#8221; tm_responsive_css=&#8221;28323157|colbreak_no||||||0||0|colbreak_no|||||||||colbreak_no||||||||||colbreak_no|||||||||&#8221;][vc_column_inner][vc_images_carousel images=&#8221;1181,1182,1183,1184&#8243; img_size=&#8221;full&#8221; onclick=&#8221;link_no&#8221; hide_pagination_control=&#8221;yes&#8221; css=&#8221;.vc_custom_1680677386454{margin-bottom: 0px !important;}&#8221;][vc_column_text el_class=&#8221;custom-white-text-box&#8221; css=&#8221;.vc_custom_1672833093566{background-color: #efefef !important;}&#8221;]O internacional investment bank \u2013 iibCV, procedeu hoje (10 Agosto) com Sucesso \u00e0 emiss\u00e3o de um Empr\u00e9stimo Obrigacionista Subordinado mediante Oferta de Subscri\u00e7\u00e3o Particular.[\/vc_column_text][\/vc_column_inner][\/vc_row_inner][\/vc_column][\/vc_row][vc_row tm_bgimagefixed=&#8221;&#8221; break_in_responsive=&#8221;1200&#8243;][vc_column width=&#8221;1\/2&#8243;][vc_row_inner css=&#8221;.vc_custom_1665403480032{padding-right: 17.5px !important;padding-left: 17.5px !important;}&#8221; tm_responsive_css=&#8221;64716387|colbreak_no||||||0||0|colbreak_no|||||||||colbreak_no||||||||||colbreak_no|||||||||&#8221;][vc_column_inner][vc_images_carousel images=&#8221;1186,1187,1188,1189&#8243; img_size=&#8221;full&#8221; onclick=&#8221;link_no&#8221; hide_pagination_control=&#8221;yes&#8221; css=&#8221;.vc_custom_1680677476374{margin-bottom: 0px !important;}&#8221;][vc_column_text el_class=&#8221;custom-white-text-box&#8221; css=&#8221;.vc_custom_1672833111781{background-color: #efefef !important;}&#8221;]<\/p>\n<p class=\"tm-custom-heading \">O iibCV organiza uma campanha de Doa\u00e7\u00e3o de Sangue (II Edi\u00e7\u00e3o), a favor do Hospital da Praia &#8211; Ilha de Santiago.<\/p>\n<p>[\/vc_column_text][\/vc_column_inner][\/vc_row_inner][\/vc_column][vc_column width=&#8221;1\/2&#8243;][vc_row_inner css=&#8221;.vc_custom_1665403494582{padding-right: 17.5px !important;padding-left: 17.5px !important;}&#8221; tm_responsive_css=&#8221;28323157|colbreak_no||||||0||0|colbreak_no|||||||||colbreak_no||||||||||colbreak_no|||||||||&#8221;][vc_column_inner][vc_images_carousel images=&#8221;1190,1191,1192,1193&#8243; img_size=&#8221;full&#8221; onclick=&#8221;link_no&#8221; hide_pagination_control=&#8221;yes&#8221; css=&#8221;.vc_custom_1680677524662{margin-bottom: 0px !important;}&#8221;][vc_column_text el_class=&#8221;custom-white-text-box&#8221; css=&#8221;.vc_custom_1672833120965{background-color: #efefef !important;}&#8221;]O iibCV e o Minist\u00e9rio da Agricultura e Ambiente assinam Memorando de Entendimento &#8211; financiamento de importa\u00e7\u00f5es de bens alimentares de primeira necessidade essenciais para a seguran\u00e7a alimentar, nutricional e manuten\u00e7\u00e3o da capacidade produtiva do setor da pecu\u00e1ria.[\/vc_column_text][\/vc_column_inner][\/vc_row_inner][\/vc_column][\/vc_row][vc_row tm_bgimagefixed=&#8221;&#8221; break_in_responsive=&#8221;1200&#8243;][vc_column width=&#8221;1\/2&#8243;][vc_row_inner css=&#8221;.vc_custom_1665403480032{padding-right: 17.5px !important;padding-left: 17.5px !important;}&#8221; tm_responsive_css=&#8221;64716387|colbreak_no||||||0||0|colbreak_no|||||||||colbreak_no||||||||||colbreak_no|||||||||&#8221;][vc_column_inner][vc_images_carousel images=&#8221;1194,1195,1196,1197&#8243; img_size=&#8221;full&#8221; onclick=&#8221;link_no&#8221; hide_pagination_control=&#8221;yes&#8221; css=&#8221;.vc_custom_1680677577435{margin-bottom: 0px !important;}&#8221;][vc_column_text el_class=&#8221;custom-white-text-box&#8221; css=&#8221;.vc_custom_1672833134812{background-color: #efefef !important;}&#8221;]<\/p>\n<p class=\"tm-custom-heading \">O international investment bank S.A. na assinatura de uma adenda aos Protocolos do Sistema de Garantia Parcial de Credito com o Governo de Cabo Verde.<\/p>\n<p>[\/vc_column_text][\/vc_column_inner][\/vc_row_inner][\/vc_column][vc_column width=&#8221;1\/2&#8243;][vc_row_inner css=&#8221;.vc_custom_1665403494582{padding-right: 17.5px !important;padding-left: 17.5px !important;}&#8221; tm_responsive_css=&#8221;28323157|colbreak_no||||||0||0|colbreak_no|||||||||colbreak_no||||||||||colbreak_no|||||||||&#8221;][vc_column_inner][vc_images_carousel images=&#8221;1198,1199,1200,1201&#8243; img_size=&#8221;full&#8221; onclick=&#8221;link_no&#8221; hide_pagination_control=&#8221;yes&#8221; css=&#8221;.vc_custom_1680677631182{margin-bottom: 0px !important;}&#8221;][vc_column_text el_class=&#8221;custom-white-text-box&#8221; css=&#8221;.vc_custom_1683101832816{background-color: #efefef !important;}&#8221;]O iibCV e os Correios de CV, assinam protocolo, que visa estabelecer rela\u00e7\u00f5es de parceria comercial entre as partes, que prev\u00ea que os Correios de Cabo Verde, represente os servi\u00e7os banc\u00e1rios do iibCV.[\/vc_column_text][\/vc_column_inner][\/vc_row_inner][\/vc_column][\/vc_row][\/vc_section]<\/p>\n<\/section>","protected":false},"excerpt":{"rendered":"<p>[vc_section full_width=&#8221;stretch_row_content&#8221; el_class=&#8221;image-banner-with-text&#8221; css=&#8221;.vc_custom_1661774187895{padding-top: 0px !important;padding-bottom: 0px !important;}&#8221;][vc_row tm_bgimagefixed=&#8221;&#8221; full_width=&#8221;stretch_row_content_no_spaces&#8221;][vc_column][vc_row_inner][vc_column_inner css=&#8221;.vc_custom_1659424244579{padding-left: 0px !important;}&#8221;][vc_single_image image=&#8221;979&#8243; img_size=&#8221;full&#8221; alignment=&#8221;center&#8221; css=&#8221;.vc_custom_1680246274370{margin-bottom: 0px !important;}&#8221;][vc_column_text css=&#8221;.vc_custom_1727158393558{margin-bottom: 0px !important;padding-top: 15px !important;padding-bottom: 15px !important;background-color: rgba(10,10,10,0.35) !important;*background-color: rgb(10,10,10) !important;}&#8221; el_class=&#8221;white-text banner-heading banner-text-box&#8221;]Eventos[\/vc_column_text][\/vc_column_inner][\/vc_row_inner][\/vc_column][\/vc_row][\/vc_section][vc_section el_class=&#8221;button-style-box custom-news-box custom-container-1299-width evntroW&#8221; css=&#8221;.vc_custom_1737544347876{padding-top: 65px !important;}&#8221;][vc_row tm_bgimagefixed=&#8221;&#8221; break_in_responsive=&#8221;1200&#8243;][vc_column width=&#8221;1\/5&#8243;][vc_row_inner css=&#8221;.vc_custom_1665403480032{padding-right: 17.5px !important;padding-left: 17.5px !important;}&#8221; tm_responsive_css=&#8221;64716387|colbreak_no||||||0||0|colbreak_no|||||||||colbreak_no||||||||||colbreak_no|||||||||&#8221;][vc_column_inner][vc_column_text css=&#8221;.vc_custom_1756116515310{margin-bottom: 65px !important;}&#8221;] 2024 [\/vc_column_text][\/vc_column_inner][\/vc_row_inner][\/vc_column][vc_column width=&#8221;1\/5&#8243;][vc_row_inner [&hellip;]<\/p>\n","protected":false},"author":1,"featured_media":0,"parent":668,"menu_order":0,"comment_status":"closed","ping_status":"closed","template":"realstate-template.php","meta":[],"acf":[],"_links":{"self":[{"href":"https:\/\/www.iibanks.com\/westafrica\/wp-json\/wp\/v2\/pages\/1234"}],"collection":[{"href":"https:\/\/www.iibanks.com\/westafrica\/wp-json\/wp\/v2\/pages"}],"about":[{"href":"https:\/\/www.iibanks.com\/westafrica\/wp-json\/wp\/v2\/types\/page"}],"author":[{"embeddable":true,"href":"https:\/\/www.iibanks.com\/westafrica\/wp-json\/wp\/v2\/users\/1"}],"replies":[{"embeddable":true,"href":"https:\/\/www.iibanks.com\/westafrica\/wp-json\/wp\/v2\/comments?post=1234"}],"version-history":[{"count":10,"href":"https:\/\/www.iibanks.com\/westafrica\/wp-json\/wp\/v2\/pages\/1234\/revisions"}],"predecessor-version":[{"id":12716,"href":"https:\/\/www.iibanks.com\/westafrica\/wp-json\/wp\/v2\/pages\/1234\/revisions\/12716"}],"up":[{"embeddable":true,"href":"https:\/\/www.iibanks.com\/westafrica\/wp-json\/wp\/v2\/pages\/668"}],"wp:attachment":[{"href":"https:\/\/www.iibanks.com\/westafrica\/wp-json\/wp\/v2\/media?parent=1234"}],"curies":[{"name":"wp","href":"https:\/\/api.w.org\/{rel}","templated":true}]}}