
{"id":1238,"date":"2023-04-05T07:49:42","date_gmt":"2023-04-05T07:49:42","guid":{"rendered":"https:\/\/www.iibanks.com\/westafrica\/?page_id=1238"},"modified":"2025-08-25T09:36:14","modified_gmt":"2025-08-25T09:36:14","slug":"events-2020","status":"publish","type":"page","link":"https:\/\/www.iibanks.com\/westafrica\/en\/media\/events-2020\/","title":{"rendered":"Events 2020"},"content":{"rendered":"<section class=\"wpb-content-wrapper\"><p>[vc_section full_width=&#8221;stretch_row_content&#8221; el_class=&#8221;image-banner-with-text&#8221; css=&#8221;.vc_custom_1661774187895{padding-top: 0px !important;padding-bottom: 0px !important;}&#8221;][vc_row tm_bgimagefixed=&#8221;&#8221; full_width=&#8221;stretch_row_content_no_spaces&#8221;][vc_column][vc_row_inner][vc_column_inner css=&#8221;.vc_custom_1659424244579{padding-left: 0px !important;}&#8221;][vc_single_image image=&#8221;979&#8243; img_size=&#8221;full&#8221; alignment=&#8221;center&#8221; css=&#8221;.vc_custom_1680680972621{margin-bottom: 0px !important;}&#8221;][vc_column_text css=&#8221;.vc_custom_1672824535016{margin-bottom: 0px !important;padding-top: 15px !important;padding-bottom: 15px !important;background-color: rgba(10,10,10,0.35) !important;*background-color: rgb(10,10,10) !important;}&#8221; el_class=&#8221;white-text banner-heading banner-text-box&#8221;]Events[\/vc_column_text][\/vc_column_inner][\/vc_row_inner][\/vc_column][\/vc_row][\/vc_section][vc_section el_class=&#8221;button-style-box custom-news-box custom-container-1299-width evntroW&#8221; css=&#8221;.vc_custom_1681545709382{padding-top: 65px !important;}&#8221;][vc_row tm_bgimagefixed=&#8221;&#8221;][vc_column width=&#8221;1\/5&#8243;][vc_row_inner css=&#8221;.vc_custom_1665403480032{padding-right: 17.5px !important;padding-left: 17.5px !important;}&#8221; tm_responsive_css=&#8221;64716387|colbreak_no||||||0||0|colbreak_no|||||||||colbreak_no||||||||||colbreak_no|||||||||&#8221;][vc_column_inner][vc_column_text css=&#8221;.vc_custom_1756112054539{margin-bottom: 65px !important;}&#8221;]<\/p>\n<div class=\"events-pages-links\" style=\"text-align: center;\"><a href=\"\/westafrica\/media\/events-2024\"><img decoding=\"async\" class=\"alignnone size-full wp-image-9633 events-pages-links-bg-blue\" src=\"\/wp-content\/uploads\/sites\/3\/2023\/03\/events-pages-links-bg-blue.png\" alt=\"\" width=\"47\" height=\"33\" \/><img decoding=\"async\" class=\"alignnone size-full wp-image-9634 events-pages-links-bg-grey\" src=\"\/wp-content\/uploads\/sites\/3\/2023\/03\/events-pages-links-bg-grey.png\" alt=\"\" width=\"47\" height=\"33\" \/>2024<\/a><\/div>\n<p>[\/vc_column_text][\/vc_column_inner][\/vc_row_inner][\/vc_column][vc_column width=&#8221;1\/5&#8243;][vc_row_inner css=&#8221;.vc_custom_1665403480032{padding-right: 17.5px !important;padding-left: 17.5px !important;}&#8221; tm_responsive_css=&#8221;64716387|colbreak_no||||||0||0|colbreak_no|||||||||colbreak_no||||||||||colbreak_no|||||||||&#8221;][vc_column_inner][vc_column_text css=&#8221;.vc_custom_1756114563256{margin-bottom: 65px !important;}&#8221;]<\/p>\n<div class=\"events-pages-links\" style=\"text-align: center;\"><a href=\"\/westafrica\/media\/events-2023\"><img decoding=\"async\" class=\"alignnone size-full wp-image-9633 events-pages-links-bg-blue\" src=\"\/wp-content\/uploads\/sites\/3\/2023\/03\/events-pages-links-bg-blue.png\" alt=\"\" width=\"47\" height=\"33\" \/><img decoding=\"async\" class=\"alignnone size-full wp-image-9634 events-pages-links-bg-grey\" src=\"\/wp-content\/uploads\/sites\/3\/2023\/03\/events-pages-links-bg-grey.png\" alt=\"\" width=\"47\" height=\"33\" \/>2023<\/a><\/div>\n<p>[\/vc_column_text][\/vc_column_inner][\/vc_row_inner][\/vc_column][vc_column width=&#8221;1\/5&#8243;][vc_row_inner css=&#8221;.vc_custom_1665403480032{padding-right: 17.5px !important;padding-left: 17.5px !important;}&#8221; tm_responsive_css=&#8221;64716387|colbreak_no||||||0||0|colbreak_no|||||||||colbreak_no||||||||||colbreak_no|||||||||&#8221;][vc_column_inner][vc_column_text css=&#8221;.vc_custom_1686063135072{margin-bottom: 65px !important;}&#8221;]<\/p>\n<div class=\"events-pages-links\" style=\"text-align: center;\"><a href=\"\/westafrica\/media\/events-2022\"><img decoding=\"async\" class=\"alignnone size-full wp-image-9633 events-pages-links-bg-blue\" src=\"\/wp-content\/uploads\/sites\/3\/2023\/03\/events-pages-links-bg-blue.png\" alt=\"\" width=\"47\" height=\"33\" \/><img decoding=\"async\" class=\"alignnone size-full wp-image-9634 events-pages-links-bg-grey\" src=\"\/wp-content\/uploads\/sites\/3\/2023\/03\/events-pages-links-bg-grey.png\" alt=\"\" width=\"47\" height=\"33\" \/>2022<\/a><\/div>\n<p>[\/vc_column_text][\/vc_column_inner][\/vc_row_inner][\/vc_column][vc_column width=&#8221;1\/5&#8243;][vc_row_inner css=&#8221;.vc_custom_1665403494582{padding-right: 17.5px !important;padding-left: 17.5px !important;}&#8221; tm_responsive_css=&#8221;28323157|colbreak_no||||||0||0|colbreak_no|||||||||colbreak_no||||||||||colbreak_no|||||||||&#8221;][vc_column_inner][vc_column_text css=&#8221;.vc_custom_1680681610005{margin-bottom: 65px !important;}&#8221;]<\/p>\n<div class=\"events-pages-links\" style=\"text-align: center;\"><a href=\"\/westafrica\/media\/events-2021\"><img decoding=\"async\" class=\"alignnone size-full wp-image-9633 events-pages-links-bg-blue\" src=\"\/wp-content\/uploads\/sites\/3\/2023\/03\/events-pages-links-bg-blue.png\" alt=\"\" width=\"47\" height=\"33\" \/><img decoding=\"async\" class=\"alignnone size-full wp-image-9634 events-pages-links-bg-grey\" src=\"\/wp-content\/uploads\/sites\/3\/2023\/03\/events-pages-links-bg-grey.png\" alt=\"\" width=\"47\" height=\"33\" \/>2021<\/a><\/div>\n<p>[\/vc_column_text][\/vc_column_inner][\/vc_row_inner][\/vc_column][vc_column width=&#8221;1\/5&#8243;][vc_row_inner][vc_column_inner][vc_column_text css=&#8221;.vc_custom_1680681644981{margin-bottom: 65px !important;}&#8221;]<\/p>\n<div class=\"events-pages-links active\" style=\"text-align: center;\"><a href=\"\/westafrica\/media\/events-2020\"><img decoding=\"async\" class=\"alignnone size-full wp-image-9633 events-pages-links-bg-blue\" src=\"\/wp-content\/uploads\/sites\/3\/2023\/03\/events-pages-links-bg-blue.png\" alt=\"\" width=\"47\" height=\"33\" \/><img decoding=\"async\" class=\"alignnone size-full wp-image-9634 events-pages-links-bg-grey\" src=\"\/wp-content\/uploads\/sites\/3\/2023\/03\/events-pages-links-bg-grey.png\" alt=\"\" width=\"47\" height=\"33\" \/>2020<\/a><\/div>\n<p>[\/vc_column_text][\/vc_column_inner][\/vc_row_inner][\/vc_column][\/vc_row][\/vc_section][vc_section el_class=&#8221;button-style-box custom-news-box custom-container-1299-width evntroW&#8221;][vc_row tm_bgimagefixed=&#8221;&#8221; break_in_responsive=&#8221;1200&#8243;][vc_column width=&#8221;1\/2&#8243;][vc_row_inner css=&#8221;.vc_custom_1665403480032{padding-right: 17.5px !important;padding-left: 17.5px !important;}&#8221; tm_responsive_css=&#8221;64716387|colbreak_no||||||0||0|colbreak_no|||||||||colbreak_no||||||||||colbreak_no|||||||||&#8221;][vc_column_inner][vc_images_carousel images=&#8221;1242,1243,1244,1245&#8243; img_size=&#8221;full&#8221; onclick=&#8221;link_no&#8221; hide_pagination_control=&#8221;yes&#8221; css=&#8221;.vc_custom_1680681104071{margin-bottom: 0px !important;}&#8221;][vc_column_text el_class=&#8221;custom-white-text-box&#8221; css=&#8221;.vc_custom_1680683738046{background-color: #efefef !important;}&#8221;]<\/p>\n<p class=\"tm-custom-heading \">iibCV and its team supporting the organization of Hospital Christmas \u2013 Cidade da Praia<\/p>\n<p>[\/vc_column_text][\/vc_column_inner][\/vc_row_inner][\/vc_column][vc_column width=&#8221;1\/2&#8243;][vc_row_inner css=&#8221;.vc_custom_1665403494582{padding-right: 17.5px !important;padding-left: 17.5px !important;}&#8221; tm_responsive_css=&#8221;28323157|colbreak_no||||||0||0|colbreak_no|||||||||colbreak_no||||||||||colbreak_no|||||||||&#8221;][vc_column_inner][vc_images_carousel images=&#8221;1248,1249,1250,1251&#8243; img_size=&#8221;full&#8221; onclick=&#8221;link_no&#8221; hide_pagination_control=&#8221;yes&#8221; css=&#8221;.vc_custom_1680681175149{margin-bottom: 0px !important;}&#8221;][vc_column_text el_class=&#8221;custom-white-text-box&#8221; css=&#8221;.vc_custom_1680683745707{background-color: #efefef !important;}&#8221;]iibCV supporting Cape Verdean sports, makes donation to Associa\u00e7\u00e3o Acad\u00e9mica da Praia.[\/vc_column_text][\/vc_column_inner][\/vc_row_inner][\/vc_column][\/vc_row][vc_row tm_bgimagefixed=&#8221;&#8221; break_in_responsive=&#8221;1200&#8243;][vc_column width=&#8221;1\/2&#8243;][vc_row_inner css=&#8221;.vc_custom_1665403480032{padding-right: 17.5px !important;padding-left: 17.5px !important;}&#8221; tm_responsive_css=&#8221;64716387|colbreak_no||||||0||0|colbreak_no|||||||||colbreak_no||||||||||colbreak_no|||||||||&#8221;][vc_column_inner][vc_images_carousel images=&#8221;1252,1253,1254,1255&#8243; img_size=&#8221;full&#8221; onclick=&#8221;link_no&#8221; hide_pagination_control=&#8221;yes&#8221; css=&#8221;.vc_custom_1680681225150{margin-bottom: 0px !important;}&#8221;][vc_column_text el_class=&#8221;custom-white-text-box&#8221; css=&#8221;.vc_custom_1680683756895{background-color: #efefef !important;}&#8221;]<\/p>\n<p class=\"tm-custom-heading \">In the context of the fight against Covid, iibCV in the donation of masks, to the Camara Municipal da Praia.<\/p>\n<p>[\/vc_column_text][\/vc_column_inner][\/vc_row_inner][\/vc_column][vc_column width=&#8221;1\/2&#8243;][vc_row_inner css=&#8221;.vc_custom_1665403494582{padding-right: 17.5px !important;padding-left: 17.5px !important;}&#8221; tm_responsive_css=&#8221;28323157|colbreak_no||||||0||0|colbreak_no|||||||||colbreak_no||||||||||colbreak_no|||||||||&#8221;][vc_column_inner][vc_images_carousel images=&#8221;1256,1257,1258,1259&#8243; img_size=&#8221;full&#8221; onclick=&#8221;link_no&#8221; hide_pagination_control=&#8221;yes&#8221; css=&#8221;.vc_custom_1680681277871{margin-bottom: 0px !important;}&#8221;][vc_column_text el_class=&#8221;custom-white-text-box&#8221; css=&#8221;.vc_custom_1689842777235{background-color: #efefef !important;}&#8221;]The international investment bank SA together with the Embassy of the United States of America in CV, in the creation and donation of a school library in the Escolar Inf\u00e2ncia Feliz group.[\/vc_column_text][\/vc_column_inner][\/vc_row_inner][\/vc_column][\/vc_row][vc_row tm_bgimagefixed=&#8221;&#8221; break_in_responsive=&#8221;1200&#8243;][vc_column width=&#8221;1\/2&#8243;][vc_row_inner css=&#8221;.vc_custom_1665403480032{padding-right: 17.5px !important;padding-left: 17.5px !important;}&#8221; tm_responsive_css=&#8221;64716387|colbreak_no||||||0||0|colbreak_no|||||||||colbreak_no||||||||||colbreak_no|||||||||&#8221;][vc_column_inner][vc_images_carousel images=&#8221;1260,1261,1262,1263&#8243; img_size=&#8221;full&#8221; onclick=&#8221;link_no&#8221; hide_pagination_control=&#8221;yes&#8221; css=&#8221;.vc_custom_1680681349132{margin-bottom: 0px !important;}&#8221;][vc_column_text el_class=&#8221;custom-white-text-box&#8221; css=&#8221;.vc_custom_1680683780230{background-color: #efefef !important;}&#8221;]<\/p>\n<p class=\"tm-custom-heading \">international investment bank, SA in supporting the community.\u00a0In pursuit of the social responsibility policy, and with the aim of intervening in the community, the iibCV team together with the Association \u201cWalkers without Borders\u201d helping the population with the distribution of goods and food.\u00a0iibCV supporting the communities where it operates!<\/p>\n<p>[\/vc_column_text][\/vc_column_inner][\/vc_row_inner][\/vc_column][vc_column width=&#8221;1\/2&#8243;][vc_row_inner css=&#8221;.vc_custom_1665403494582{padding-right: 17.5px !important;padding-left: 17.5px !important;}&#8221; tm_responsive_css=&#8221;28323157|colbreak_no||||||0||0|colbreak_no|||||||||colbreak_no||||||||||colbreak_no|||||||||&#8221;][vc_column_inner][vc_images_carousel images=&#8221;1265,1266,1267,1268&#8243; img_size=&#8221;full&#8221; onclick=&#8221;link_no&#8221; hide_pagination_control=&#8221;yes&#8221; css=&#8221;.vc_custom_1680681454469{margin-bottom: 0px !important;}&#8221;][vc_column_text el_class=&#8221;custom-white-text-box&#8221; css=&#8221;.vc_custom_1680683788314{background-color: #efefef !important;}&#8221;]iibCV in the Cantina Social project \u2013 supporting \u201cAssocia\u00e7\u00e3o Abra\u00e7ar Sal\u201d with goods and food.[\/vc_column_text][\/vc_column_inner][\/vc_row_inner][\/vc_column][\/vc_row][vc_row tm_bgimagefixed=&#8221;&#8221; break_in_responsive=&#8221;1200&#8243;][vc_column width=&#8221;1\/2&#8243;][vc_row_inner css=&#8221;.vc_custom_1665403480032{padding-right: 17.5px !important;padding-left: 17.5px !important;}&#8221; tm_responsive_css=&#8221;64716387|colbreak_no||||||0||0|colbreak_no|||||||||colbreak_no||||||||||colbreak_no|||||||||&#8221;][vc_column_inner][vc_images_carousel images=&#8221;1269,1270,1271,1272&#8243; img_size=&#8221;full&#8221; onclick=&#8221;link_no&#8221; hide_pagination_control=&#8221;yes&#8221; css=&#8221;.vc_custom_1680681493151{margin-bottom: 0px !important;}&#8221;][vc_column_text el_class=&#8221;custom-white-text-box&#8221; css=&#8221;.vc_custom_1680683799472{background-color: #efefef !important;}&#8221;]<\/p>\n<p class=\"tm-custom-heading \">iibCV supports the Porto Mosquito School Group \u2013 Santiago Island, with the rehabilitation of bathrooms and supply of furniture.<\/p>\n<p>[\/vc_column_text][\/vc_column_inner][\/vc_row_inner][\/vc_column][vc_column width=&#8221;1\/2&#8243;][\/vc_column][\/vc_row][\/vc_section]<\/p>\n<\/section>","protected":false},"excerpt":{"rendered":"<p>[vc_section full_width=&#8221;stretch_row_content&#8221; el_class=&#8221;image-banner-with-text&#8221; css=&#8221;.vc_custom_1661774187895{padding-top: 0px !important;padding-bottom: 0px !important;}&#8221;][vc_row tm_bgimagefixed=&#8221;&#8221; full_width=&#8221;stretch_row_content_no_spaces&#8221;][vc_column][vc_row_inner][vc_column_inner css=&#8221;.vc_custom_1659424244579{padding-left: 0px !important;}&#8221;][vc_single_image image=&#8221;979&#8243; img_size=&#8221;full&#8221; alignment=&#8221;center&#8221; css=&#8221;.vc_custom_1680680972621{margin-bottom: 0px !important;}&#8221;][vc_column_text css=&#8221;.vc_custom_1672824535016{margin-bottom: 0px !important;padding-top: 15px !important;padding-bottom: 15px !important;background-color: rgba(10,10,10,0.35) !important;*background-color: rgb(10,10,10) !important;}&#8221; el_class=&#8221;white-text banner-heading banner-text-box&#8221;]Events[\/vc_column_text][\/vc_column_inner][\/vc_row_inner][\/vc_column][\/vc_row][\/vc_section][vc_section el_class=&#8221;button-style-box custom-news-box custom-container-1299-width evntroW&#8221; css=&#8221;.vc_custom_1681545709382{padding-top: 65px !important;}&#8221;][vc_row tm_bgimagefixed=&#8221;&#8221;][vc_column width=&#8221;1\/5&#8243;][vc_row_inner css=&#8221;.vc_custom_1665403480032{padding-right: 17.5px !important;padding-left: 17.5px !important;}&#8221; tm_responsive_css=&#8221;64716387|colbreak_no||||||0||0|colbreak_no|||||||||colbreak_no||||||||||colbreak_no|||||||||&#8221;][vc_column_inner][vc_column_text css=&#8221;.vc_custom_1756112054539{margin-bottom: 65px !important;}&#8221;] 2024 [\/vc_column_text][\/vc_column_inner][\/vc_row_inner][\/vc_column][vc_column width=&#8221;1\/5&#8243;][vc_row_inner css=&#8221;.vc_custom_1665403480032{padding-right: [&hellip;]<\/p>\n","protected":false},"author":1,"featured_media":0,"parent":1070,"menu_order":0,"comment_status":"closed","ping_status":"closed","template":"realstate-template.php","meta":[],"acf":[],"_links":{"self":[{"href":"https:\/\/www.iibanks.com\/westafrica\/wp-json\/wp\/v2\/pages\/1238"}],"collection":[{"href":"https:\/\/www.iibanks.com\/westafrica\/wp-json\/wp\/v2\/pages"}],"about":[{"href":"https:\/\/www.iibanks.com\/westafrica\/wp-json\/wp\/v2\/types\/page"}],"author":[{"embeddable":true,"href":"https:\/\/www.iibanks.com\/westafrica\/wp-json\/wp\/v2\/users\/1"}],"replies":[{"embeddable":true,"href":"https:\/\/www.iibanks.com\/westafrica\/wp-json\/wp\/v2\/comments?post=1238"}],"version-history":[{"count":8,"href":"https:\/\/www.iibanks.com\/westafrica\/wp-json\/wp\/v2\/pages\/1238\/revisions"}],"predecessor-version":[{"id":12698,"href":"https:\/\/www.iibanks.com\/westafrica\/wp-json\/wp\/v2\/pages\/1238\/revisions\/12698"}],"up":[{"embeddable":true,"href":"https:\/\/www.iibanks.com\/westafrica\/wp-json\/wp\/v2\/pages\/1070"}],"wp:attachment":[{"href":"https:\/\/www.iibanks.com\/westafrica\/wp-json\/wp\/v2\/media?parent=1238"}],"curies":[{"name":"wp","href":"https:\/\/api.w.org\/{rel}","templated":true}]}}