
{"id":1240,"date":"2023-04-05T07:50:32","date_gmt":"2023-04-05T07:50:32","guid":{"rendered":"https:\/\/www.iibanks.com\/westafrica\/?page_id=1240"},"modified":"2025-08-25T10:11:56","modified_gmt":"2025-08-25T10:11:56","slug":"eventos-2021","status":"publish","type":"page","link":"https:\/\/www.iibanks.com\/westafrica\/pt\/comunicacao\/eventos-2021\/","title":{"rendered":"Eventos 2021"},"content":{"rendered":"<section class=\"wpb-content-wrapper\"><p>[vc_section full_width=&#8221;stretch_row_content&#8221; el_class=&#8221;image-banner-with-text&#8221; css=&#8221;.vc_custom_1661774187895{padding-top: 0px !important;padding-bottom: 0px !important;}&#8221;][vc_row tm_bgimagefixed=&#8221;&#8221; full_width=&#8221;stretch_row_content_no_spaces&#8221;][vc_column][vc_row_inner][vc_column_inner css=&#8221;.vc_custom_1659424244579{padding-left: 0px !important;}&#8221;][vc_single_image image=&#8221;979&#8243; img_size=&#8221;full&#8221; alignment=&#8221;center&#8221; css=&#8221;.vc_custom_1680678668838{margin-bottom: 0px !important;}&#8221;][vc_column_text css=&#8221;.vc_custom_1727158365965{margin-bottom: 0px !important;padding-top: 15px !important;padding-bottom: 15px !important;background-color: rgba(10,10,10,0.35) !important;*background-color: rgb(10,10,10) !important;}&#8221; el_class=&#8221;white-text banner-heading banner-text-box&#8221;]<\/p>\n<p>Eventos<\/p>\n<p>[\/vc_column_text][\/vc_column_inner][\/vc_row_inner][\/vc_column][\/vc_row][\/vc_section][vc_section el_class=&#8221;button-style-box custom-news-box custom-container-1299-width evntroW&#8221; css=&#8221;.vc_custom_1737537195838{padding-top: 65px !important;}&#8221;][vc_row tm_bgimagefixed=&#8221;&#8221; break_in_responsive=&#8221;1200&#8243;][vc_column width=&#8221;1\/5&#8243;][vc_row_inner css=&#8221;.vc_custom_1665403480032{padding-right: 17.5px !important;padding-left: 17.5px !important;}&#8221; tm_responsive_css=&#8221;64716387|colbreak_no||||||0||0|colbreak_no|||||||||colbreak_no||||||||||colbreak_no|||||||||&#8221;][vc_column_inner][vc_column_text css=&#8221;.vc_custom_1756116600062{margin-bottom: 65px !important;}&#8221;]<\/p>\n<div class=\"events-pages-links\" style=\"text-align: center;\"><a href=\"\/westafrica\/pt\/comunicacao\/eventos-2024\/\"><img decoding=\"async\" class=\"alignnone size-full wp-image-9633 events-pages-links-bg-blue\" src=\"\/wp-content\/uploads\/sites\/3\/2023\/03\/events-pages-links-bg-blue.png\" alt=\"\" width=\"47\" height=\"33\" \/><img decoding=\"async\" class=\"alignnone size-full wp-image-9634 events-pages-links-bg-grey\" src=\"\/wp-content\/uploads\/sites\/3\/2023\/03\/events-pages-links-bg-grey.png\" alt=\"\" width=\"47\" height=\"33\" \/>2024<\/a><\/div>\n<p>[\/vc_column_text][\/vc_column_inner][\/vc_row_inner][\/vc_column][vc_column width=&#8221;1\/5&#8243;][vc_row_inner css=&#8221;.vc_custom_1665403480032{padding-right: 17.5px !important;padding-left: 17.5px !important;}&#8221; tm_responsive_css=&#8221;64716387|colbreak_no||||||0||0|colbreak_no|||||||||colbreak_no||||||||||colbreak_no|||||||||&#8221;][vc_column_inner][vc_column_text css=&#8221;.vc_custom_1756116655038{margin-bottom: 65px !important;}&#8221;]<\/p>\n<div class=\"events-pages-links\" style=\"text-align: center;\"><a href=\"\/westafrica\/pt\/comunicacao\/eventos-2023\/\"><img decoding=\"async\" class=\"alignnone size-full wp-image-9633 events-pages-links-bg-blue\" src=\"\/wp-content\/uploads\/sites\/3\/2023\/03\/events-pages-links-bg-blue.png\" alt=\"\" width=\"47\" height=\"33\" \/><img decoding=\"async\" class=\"alignnone size-full wp-image-9634 events-pages-links-bg-grey\" src=\"\/wp-content\/uploads\/sites\/3\/2023\/03\/events-pages-links-bg-grey.png\" alt=\"\" width=\"47\" height=\"33\" \/>2023<\/a><\/div>\n<p>[\/vc_column_text][\/vc_column_inner][\/vc_row_inner][\/vc_column][vc_column width=&#8221;1\/5&#8243;][vc_row_inner css=&#8221;.vc_custom_1665403480032{padding-right: 17.5px !important;padding-left: 17.5px !important;}&#8221; tm_responsive_css=&#8221;64716387|colbreak_no||||||0||0|colbreak_no|||||||||colbreak_no||||||||||colbreak_no|||||||||&#8221;][vc_column_inner][vc_column_text css=&#8221;.vc_custom_1756116673038{margin-bottom: 65px !important;}&#8221;]<\/p>\n<div class=\"events-pages-links\" style=\"text-align: center;\"><a href=\"\/westafrica\/pt\/comunicacao\/eventos-2022\/\"><img decoding=\"async\" class=\"alignnone size-full wp-image-9633 events-pages-links-bg-blue\" src=\"\/wp-content\/uploads\/sites\/3\/2023\/03\/events-pages-links-bg-blue.png\" alt=\"\" width=\"47\" height=\"33\" \/><img decoding=\"async\" class=\"alignnone size-full wp-image-9634 events-pages-links-bg-grey\" src=\"\/wp-content\/uploads\/sites\/3\/2023\/03\/events-pages-links-bg-grey.png\" alt=\"\" width=\"47\" height=\"33\" \/>2022<\/a><\/div>\n<p>[\/vc_column_text][\/vc_column_inner][\/vc_row_inner][\/vc_column][vc_column width=&#8221;1\/5&#8243;][vc_row_inner css=&#8221;.vc_custom_1665403494582{padding-right: 17.5px !important;padding-left: 17.5px !important;}&#8221; tm_responsive_css=&#8221;28323157|colbreak_no||||||0||0|colbreak_no|||||||||colbreak_no||||||||||colbreak_no|||||||||&#8221;][vc_column_inner][vc_column_text css=&#8221;.vc_custom_1756116691037{margin-bottom: 65px !important;}&#8221;]<\/p>\n<div class=\"events-pages-links active\" style=\"text-align: center;\"><a href=\"\/westafrica\/pt\/comunicacao\/eventos-2021\/\"><img decoding=\"async\" class=\"alignnone size-full wp-image-9633 events-pages-links-bg-blue\" src=\"\/wp-content\/uploads\/sites\/3\/2023\/03\/events-pages-links-bg-blue.png\" alt=\"\" width=\"47\" height=\"33\" \/><img decoding=\"async\" class=\"alignnone size-full wp-image-9634 events-pages-links-bg-grey\" src=\"\/wp-content\/uploads\/sites\/3\/2023\/03\/events-pages-links-bg-grey.png\" alt=\"\" width=\"47\" height=\"33\" \/>2021<\/a><\/div>\n<p>[\/vc_column_text][\/vc_column_inner][\/vc_row_inner][\/vc_column][vc_column width=&#8221;1\/5&#8243;][vc_row_inner][vc_column_inner][vc_column_text css=&#8221;.vc_custom_1756116709709{margin-bottom: 65px !important;}&#8221;]<\/p>\n<div class=\"events-pages-links\" style=\"text-align: center;\"><a href=\"\/westafrica\/pt\/comunicacao\/eventos-2020\/\"><img decoding=\"async\" class=\"alignnone size-full wp-image-9633 events-pages-links-bg-blue\" src=\"\/wp-content\/uploads\/sites\/3\/2023\/03\/events-pages-links-bg-blue.png\" alt=\"\" width=\"47\" height=\"33\" \/><img decoding=\"async\" class=\"alignnone size-full wp-image-9634 events-pages-links-bg-grey\" src=\"\/wp-content\/uploads\/sites\/3\/2023\/03\/events-pages-links-bg-grey.png\" alt=\"\" width=\"47\" height=\"33\" \/>2020<\/a><\/div>\n<p>[\/vc_column_text][\/vc_column_inner][\/vc_row_inner][\/vc_column][\/vc_row][\/vc_section][vc_section el_class=&#8221;button-style-box custom-news-box custom-container-1299-width evntroW&#8221;][vc_row tm_bgimagefixed=&#8221;&#8221; break_in_responsive=&#8221;1200&#8243;][vc_column width=&#8221;1\/2&#8243;][vc_row_inner css=&#8221;.vc_custom_1665403480032{padding-right: 17.5px !important;padding-left: 17.5px !important;}&#8221; tm_responsive_css=&#8221;64716387|colbreak_no||||||0||0|colbreak_no|||||||||colbreak_no||||||||||colbreak_no|||||||||&#8221;][vc_column_inner][vc_images_carousel images=&#8221;1207,1208,1209,1210&#8243; img_size=&#8221;full&#8221; onclick=&#8221;link_no&#8221; hide_pagination_control=&#8221;yes&#8221; css=&#8221;.vc_custom_1680679103534{margin-bottom: 0px !important;}&#8221;][vc_column_text el_class=&#8221;custom-white-text-box&#8221; css=&#8221;.vc_custom_1672833591647{background-color: #efefef !important;}&#8221;]<\/p>\n<p class=\"tm-custom-heading \">international investment bank, S.A. no apoio a comunidade. Com o objetivo de interven\u00e7\u00e3o na comunidade, a equipa do iibCV apoia as Aldeias SOS, com entrega de Kits Escolares.<\/p>\n<p>[\/vc_column_text][\/vc_column_inner][\/vc_row_inner][\/vc_column][vc_column width=&#8221;1\/2&#8243;][vc_row_inner css=&#8221;.vc_custom_1665403494582{padding-right: 17.5px !important;padding-left: 17.5px !important;}&#8221; tm_responsive_css=&#8221;28323157|colbreak_no||||||0||0|colbreak_no|||||||||colbreak_no||||||||||colbreak_no|||||||||&#8221;][vc_column_inner][vc_images_carousel images=&#8221;1211,1212,1213,1214&#8243; img_size=&#8221;full&#8221; onclick=&#8221;link_no&#8221; hide_pagination_control=&#8221;yes&#8221; css=&#8221;.vc_custom_1680679159844{margin-bottom: 0px !important;}&#8221;][vc_column_text el_class=&#8221;custom-white-text-box&#8221; css=&#8221;.vc_custom_1672833599626{background-color: #efefef !important;}&#8221;]international investment bank, S.A. no apoio a comunidade. Na prossecu\u00e7\u00e3o da pol\u00edtica de responsabilidade social, e com o objetivo de interven\u00e7\u00e3o na comunidade, a equipa do iibCv deslocou-se a localidade \u201ccarenciada\u201d de Botarama, ajudando a popula\u00e7\u00e3o com entrega de bens e alimentos. O iibCV apoiando as comunidades onde se insere![\/vc_column_text][\/vc_column_inner][\/vc_row_inner][\/vc_column][\/vc_row][vc_row tm_bgimagefixed=&#8221;&#8221; break_in_responsive=&#8221;1200&#8243;][vc_column width=&#8221;1\/2&#8243;][vc_row_inner css=&#8221;.vc_custom_1665403480032{padding-right: 17.5px !important;padding-left: 17.5px !important;}&#8221; tm_responsive_css=&#8221;64716387|colbreak_no||||||0||0|colbreak_no|||||||||colbreak_no||||||||||colbreak_no|||||||||&#8221;][vc_column_inner][vc_images_carousel images=&#8221;1217,1218,1219,1220&#8243; img_size=&#8221;full&#8221; onclick=&#8221;link_no&#8221; hide_pagination_control=&#8221;yes&#8221; css=&#8221;.vc_custom_1680679230052{margin-bottom: 0px !important;}&#8221;][vc_column_text el_class=&#8221;custom-white-text-box&#8221; css=&#8221;.vc_custom_1672833567415{background-color: #efefef !important;}&#8221;]<\/p>\n<p class=\"tm-custom-heading \">O iibCV organiza campanha de Doa\u00e7\u00e3o de Sangue (I Edi\u00e7\u00e3o), a favor do Hospital da Praia &#8211; Ilha de Santiago<\/p>\n<p>[\/vc_column_text][\/vc_column_inner][\/vc_row_inner][\/vc_column][vc_column width=&#8221;1\/2&#8243;][vc_row_inner css=&#8221;.vc_custom_1665403494582{padding-right: 17.5px !important;padding-left: 17.5px !important;}&#8221; tm_responsive_css=&#8221;28323157|colbreak_no||||||0||0|colbreak_no|||||||||colbreak_no||||||||||colbreak_no|||||||||&#8221;][vc_column_inner][vc_images_carousel images=&#8221;1222,1223,1224,1225&#8243; img_size=&#8221;full&#8221; onclick=&#8221;link_no&#8221; hide_pagination_control=&#8221;yes&#8221; css=&#8221;.vc_custom_1680679289967{margin-bottom: 0px !important;}&#8221;][vc_column_text el_class=&#8221;custom-white-text-box&#8221; css=&#8221;.vc_custom_1672833559310{background-color: #efefef !important;}&#8221;]O iibCV organiza campanha de Doa\u00e7\u00e3o de Sangue (I Edi\u00e7\u00e3o), a favor do Hospital da Praia &#8211; Ilha de Santiago[\/vc_column_text][\/vc_column_inner][\/vc_row_inner][\/vc_column][\/vc_row][vc_row tm_bgimagefixed=&#8221;&#8221; break_in_responsive=&#8221;1200&#8243;][vc_column width=&#8221;1\/2&#8243;][vc_row_inner css=&#8221;.vc_custom_1665403480032{padding-right: 17.5px !important;padding-left: 17.5px !important;}&#8221; tm_responsive_css=&#8221;64716387|colbreak_no||||||0||0|colbreak_no|||||||||colbreak_no||||||||||colbreak_no|||||||||&#8221;][vc_column_inner][vc_images_carousel images=&#8221;1226,1227,1228,1229&#8243; img_size=&#8221;full&#8221; onclick=&#8221;link_no&#8221; hide_pagination_control=&#8221;yes&#8221; css=&#8221;.vc_custom_1680679343342{margin-bottom: 0px !important;}&#8221;][vc_column_text el_class=&#8221;custom-white-text-box&#8221; css=&#8221;.vc_custom_1672833579589{background-color: #efefef !important;}&#8221;]<\/p>\n<p class=\"tm-custom-heading \">O international investment bank S.A. e o Minist\u00e9rio da Educa\u00e7\u00e3o protocolo de coopera\u00e7\u00e3o para entrega de bolsas de m\u00e9rito e pr\u00e9mio de excel\u00eancia a alunos dos cursos de licenciatura, das Universidades Cabo-verdianas, premiando a meritocracia e a excel\u00eancia dos alunos caboverdianos.<\/p>\n<p>[\/vc_column_text][\/vc_column_inner][\/vc_row_inner][\/vc_column][vc_column width=&#8221;1\/2&#8243;][\/vc_column][\/vc_row][\/vc_section]<\/p>\n<\/section>","protected":false},"excerpt":{"rendered":"<p>[vc_section full_width=&#8221;stretch_row_content&#8221; el_class=&#8221;image-banner-with-text&#8221; css=&#8221;.vc_custom_1661774187895{padding-top: 0px !important;padding-bottom: 0px !important;}&#8221;][vc_row tm_bgimagefixed=&#8221;&#8221; full_width=&#8221;stretch_row_content_no_spaces&#8221;][vc_column][vc_row_inner][vc_column_inner css=&#8221;.vc_custom_1659424244579{padding-left: 0px !important;}&#8221;][vc_single_image image=&#8221;979&#8243; img_size=&#8221;full&#8221; alignment=&#8221;center&#8221; css=&#8221;.vc_custom_1680678668838{margin-bottom: 0px !important;}&#8221;][vc_column_text css=&#8221;.vc_custom_1727158365965{margin-bottom: 0px !important;padding-top: 15px !important;padding-bottom: 15px !important;background-color: rgba(10,10,10,0.35) !important;*background-color: rgb(10,10,10) !important;}&#8221; el_class=&#8221;white-text banner-heading banner-text-box&#8221;] Eventos [\/vc_column_text][\/vc_column_inner][\/vc_row_inner][\/vc_column][\/vc_row][\/vc_section][vc_section el_class=&#8221;button-style-box custom-news-box custom-container-1299-width evntroW&#8221; css=&#8221;.vc_custom_1737537195838{padding-top: 65px !important;}&#8221;][vc_row tm_bgimagefixed=&#8221;&#8221; break_in_responsive=&#8221;1200&#8243;][vc_column width=&#8221;1\/5&#8243;][vc_row_inner css=&#8221;.vc_custom_1665403480032{padding-right: 17.5px !important;padding-left: 17.5px !important;}&#8221; tm_responsive_css=&#8221;64716387|colbreak_no||||||0||0|colbreak_no|||||||||colbreak_no||||||||||colbreak_no|||||||||&#8221;][vc_column_inner][vc_column_text css=&#8221;.vc_custom_1756116600062{margin-bottom: 65px !important;}&#8221;] 2024 [&hellip;]<\/p>\n","protected":false},"author":1,"featured_media":0,"parent":668,"menu_order":0,"comment_status":"closed","ping_status":"closed","template":"realstate-template.php","meta":[],"acf":[],"_links":{"self":[{"href":"https:\/\/www.iibanks.com\/westafrica\/wp-json\/wp\/v2\/pages\/1240"}],"collection":[{"href":"https:\/\/www.iibanks.com\/westafrica\/wp-json\/wp\/v2\/pages"}],"about":[{"href":"https:\/\/www.iibanks.com\/westafrica\/wp-json\/wp\/v2\/types\/page"}],"author":[{"embeddable":true,"href":"https:\/\/www.iibanks.com\/westafrica\/wp-json\/wp\/v2\/users\/1"}],"replies":[{"embeddable":true,"href":"https:\/\/www.iibanks.com\/westafrica\/wp-json\/wp\/v2\/comments?post=1240"}],"version-history":[{"count":12,"href":"https:\/\/www.iibanks.com\/westafrica\/wp-json\/wp\/v2\/pages\/1240\/revisions"}],"predecessor-version":[{"id":10960,"href":"https:\/\/www.iibanks.com\/westafrica\/wp-json\/wp\/v2\/pages\/1240\/revisions\/10960"}],"up":[{"embeddable":true,"href":"https:\/\/www.iibanks.com\/westafrica\/wp-json\/wp\/v2\/pages\/668"}],"wp:attachment":[{"href":"https:\/\/www.iibanks.com\/westafrica\/wp-json\/wp\/v2\/media?parent=1240"}],"curies":[{"name":"wp","href":"https:\/\/api.w.org\/{rel}","templated":true}]}}