
{"id":697,"date":"2023-03-28T07:31:18","date_gmt":"2023-03-28T07:31:18","guid":{"rendered":"https:\/\/www.iibanks.com\/westafrica\/?page_id=697"},"modified":"2026-04-20T09:46:24","modified_gmt":"2026-04-20T09:46:24","slug":"westafrica-pt","status":"publish","type":"page","link":"https:\/\/www.iibanks.com\/westafrica\/pt\/","title":{"rendered":"Westafrica"},"content":{"rendered":"<section class=\"wpb-content-wrapper\"><p>[vc_section full_width=&#8221;stretch_row_content&#8221; css=&#8221;.vc_custom_1752481008365{margin-right: 0px !important;margin-left: 0px !important;padding-right: 0px !important;padding-left: 0px !important;}&#8221;][vc_row tm_bgimagefixed=&#8221;&#8221; tm_zindex=&#8221;&#8221; full_width=&#8221;stretch_row_content_no_spaces&#8221; css=&#8221;.vc_custom_1752481000452{margin-right: 0px !important;margin-left: 0px !important;padding-right: 0px !important;padding-left: 0px !important;}&#8221;][vc_column tm_zindex=&#8221;&#8221; css=&#8221;.vc_custom_1752480992298{margin-right: 0px !important;margin-left: 0px !important;padding-right: 0px !important;padding-left: 0px !important;}&#8221;]\n\t\t\t<!-- START westafricasliderpt REVOLUTION SLIDER 6.6.5 --><p class=\"rs-p-wp-fix\"><\/p>\n\t\t\t<rs-module-wrap id=\"rev_slider_12_1_wrapper\" data-source=\"gallery\" style=\"visibility:hidden;background:transparent;padding:0;margin:0px auto;margin-top:0;margin-bottom:0;\">\n\t\t\t\t<rs-module id=\"rev_slider_12_1\" style=\"\" data-version=\"6.6.5\">\n\t\t\t\t\t<rs-slides style=\"overflow: hidden; position: absolute;\">\n\t\t\t\t\t\t<rs-slide style=\"position: absolute;\" data-key=\"rs-110\" data-title=\"slide 4\" data-anim=\"ms:10;\" data-in=\"o:1;\" data-out=\"a:false;\">\n\t\t\t\t\t\t\t<img src=\"\/\/www.iibanks.com\/westafrica\/wp-content\/plugins\/revslider\/public\/assets\/assets\/dummy.png\" alt=\"\" title=\"WAA-1920&#215;900\" width=\"1920\" height=\"900\" class=\"rev-slidebg tp-rs-img rs-lazyload\" data-lazyload=\"\/\/www.iibanks.com\/westafrica\/wp-content\/uploads\/sites\/4\/2026\/04\/WAA-1920x900-1.png\" data-no-retina>\n<!---->\t\t\t\t\t\t<\/rs-slide>\n\t\t\t\t\t<\/rs-slides>\n\t\t\t\t\t<rs-static-layers><!--\n\n\t\t\t\t\t\t\t--><rs-layer\n\t\t\t\t\t\t\t\tid=\"badge_gptw\" \n\t\t\t\t\t\t\t\tclass=\"display_none rs-layer-static\"\n\t\t\t\t\t\t\t\tdata-type=\"image\"\n\t\t\t\t\t\t\t\tdata-rsp_ch=\"on\"\n\t\t\t\t\t\t\t\tdata-xy=\"xo:97px,51px,38px,23px;\"\n\t\t\t\t\t\t\t\tdata-text=\"w:normal;s:20,10,7,4;l:0,13,9,6;\"\n\t\t\t\t\t\t\t\tdata-dim=\"w:94px,50px,37px,22px;h:162px,86px,65px,40px;\"\n\t\t\t\t\t\t\t\tdata-wrpcls=\"display_none\"\n\t\t\t\t\t\t\t\tdata-onslides=\"s:1;\"\n\t\t\t\t\t\t\t\tdata-frame_999=\"o:0;st:w;\"\n\t\t\t\t\t\t\t\tstyle=\"z-index:5;\"\n\t\t\t\t\t\t\t><img src=\"\/\/www.iibanks.com\/westafrica\/wp-content\/plugins\/revslider\/public\/assets\/assets\/dummy.png\" alt=\"\" class=\"tp-rs-img rs-lazyload\" width=\"114\" height=\"196\" data-lazyload=\"\/\/www.iibanks.com\/westafrica\/wp-content\/uploads\/sites\/4\/2024\/11\/west-pt.png\" data-no-retina> \n\t\t\t\t\t\t\t<\/rs-layer><!--\n\t\t\t\t\t--><\/rs-static-layers>\n\t\t\t\t<\/rs-module>\n\t\t\t\t<script>\n\t\t\t\t\tsetREVStartSize({c: 'rev_slider_12_1',rl:[1240,1024,778,480],el:[900,768,960,720],gw:[1920,1024,778,480],gh:[900,480,365,225],type:'standard',justify:'',layout:'fullwidth',mh:\"0\"});if (window.RS_MODULES!==undefined && window.RS_MODULES.modules!==undefined && window.RS_MODULES.modules[\"revslider121\"]!==undefined) {window.RS_MODULES.modules[\"revslider121\"].once = false;window.revapi12 = undefined;if (window.RS_MODULES.checkMinimal!==undefined) window.RS_MODULES.checkMinimal()}\n\t\t\t\t<\/script>\n\t\t\t<\/rs-module-wrap>\n\t\t\t<!-- END REVOLUTION SLIDER -->\n[vc_column_text el_class=&#8221;main-slider-text&#8221;]<\/p>\n<h1>O Seu Banco,<br \/>\nO Seu Futuro<\/h1>\n<p>[\/vc_column_text][\/vc_column][\/vc_row][\/vc_section][vc_section full_width=&#8221;stretch_row_content&#8221; disable_element=&#8221;yes&#8221; el_class=&#8221;image-banner-with-text&#8221; css=&#8221;.vc_custom_1693828329620{padding-top: 0px !important;padding-bottom: 0px !important;}&#8221;][vc_row tm_bgimagefixed=&#8221;&#8221; full_width=&#8221;stretch_row_content_no_spaces&#8221;][vc_column][vc_row_inner][vc_column_inner css=&#8221;.vc_custom_1659424244579{padding-left: 0px !important;}&#8221;][vc_single_image image=&#8221;149&#8243; img_size=&#8221;full&#8221; alignment=&#8221;center&#8221; css=&#8221;.vc_custom_1678955966936{margin-bottom: 0px !important;}&#8221;][vc_column_text css=&#8221;.vc_custom_1679987536605{margin-bottom: 0px !important;padding-top: 15px !important;padding-bottom: 15px !important;background-color: rgba(10,10,10,0.35) !important;*background-color: rgb(10,10,10) !important;}&#8221; el_class=&#8221;white-text banner-heading banner-text-box&#8221;]O Seu Banco,<\/p>\n<p>O Seu Futuro[\/vc_column_text][\/vc_column_inner][\/vc_row_inner][\/vc_column][\/vc_row][\/vc_section][vc_section css=&#8221;.vc_custom_1771230641256{background-color: #e6e6e6 !important;}&#8221; el_class=&#8221;post-heading-box post-content-box button-style-box custom-container-1299-width paddingTop65 boX2 homeseC1 hometopbox3&#8243;][vc_row tm_bgimagefixed=&#8221;&#8221; tm_zindex=&#8221;&#8221; el_class=&#8221;hometopbox3&#8243;][vc_column width=&#8221;1\/2&#8243;][vc_row_inner css=&#8221;.vc_custom_1666784567085{padding-right: 17.5px !important;padding-left: 17.5px !important;}&#8221; tm_responsive_css=&#8221;64191225|colbreak_no||||||0||0|colbreak_no|||||||||colbreak_no||||||||||colbreak_no|||||||||&#8221;][vc_column_inner css=&#8221;.vc_custom_1666784388277{margin-bottom: 0px !important;}&#8221;][vc_single_image image=&#8221;13268&#8243; img_size=&#8221;full&#8221; alignment=&#8221;center&#8221; css=&#8221;.vc_custom_1776678276679{margin-bottom: 0px !important;}&#8221;][vc_column_text el_class=&#8221;custom-white-text-box capnonE&#8221; css=&#8221;.vc_custom_1776678328101{background-color: #ffffff !important;}&#8221;]<\/p>\n<h4>A iib \u00c1frica Ocidental e o Minist\u00e9rio das Finan\u00e7as de Cabo Verde assinam um memorando de entendimento para lan\u00e7ar um t\u00edtulo verde com garantia soberana para a EDEC<\/h4>\n<div class=\"custom-theme-button\"><a title=\"\" href=\"\/westafrica\/pt\/iibank-news\/a-iib-africa-ocidental-e-o-ministerio-das-financas-de-cabo-verde-assinam-um-memorando-de-entendimento-para-lancar-um-titulo-verde-com-garantia-soberana-para-a-edec\/\">Ler +<\/a><\/div>\n<p>[\/vc_column_text][\/vc_column_inner][\/vc_row_inner][vc_row_inner tm_zindex=&#8221;&#8221; css=&#8221;.vc_custom_1729938708216{padding-right: 17.5px !important;padding-left: 17.5px !important;}&#8221; el_id=&#8221;differentBoxlayout&#8221; el_class=&#8221;custom-white-text-box&#8221;][vc_column_inner width=&#8221;5\/12&#8243; css=&#8221;.vc_custom_1666784399318{margin-bottom: 0px !important;}&#8221;][vc_single_image image=&#8221;13253&#8243; img_size=&#8221;full&#8221;][vc_column_text]<\/p>\n<div class=\"custom-theme-button dsktpbtN\"><a title=\"\" href=\"\/westafrica\/pt\/iibank-news\/a-africa-finance-corporation-e-o-intercontinental-investment-bank-assinam-um-memorando-de-entendimento-para-um-acordo-quadro-de-linha-de-credito-a-prazo-no-valor-de-50-milhoes-de-euros\/\">Ler +<\/a><\/div>\n<p>[\/vc_column_text][\/vc_column_inner][vc_column_inner width=&#8221;7\/12&#8243;][vc_column_text el_class=&#8221;titlePT&#8221;]<\/p>\n<h4>A Africa Finance Corporation e o Intercontinental Investment Bank assinam um memorando de entendimento para um acordo-quadro de linha de cr\u00e9dito a prazo no valor de 50 milh\u00f5es de euros<\/h4>\n<p>[\/vc_column_text][vc_column_text]<\/p>\n<div class=\"custom-theme-button mblEbtN\"><a title=\"\" href=\"\/westafrica\/pt\/iibank-news\/a-africa-finance-corporation-e-o-intercontinental-investment-bank-assinam-um-memorando-de-entendimento-para-um-acordo-quadro-de-linha-de-credito-a-prazo-no-valor-de-50-milhoes-de-euros\/\">Ler +<\/a><\/div>\n<p>[\/vc_column_text][\/vc_column_inner][\/vc_row_inner][\/vc_column][vc_column width=&#8221;1\/2&#8243;][vc_row_inner css=&#8221;.vc_custom_1663333475888{padding-right: 17.5px !important;padding-left: 17.5px !important;}&#8221; tm_responsive_css=&#8221;61658514|colbreak_no||||||0||0|colbreak_no|||||||||colbreak_no||||||||||colbreak_no|||||||||&#8221;][vc_column_inner css=&#8221;.vc_custom_1666784411076{margin-bottom: 0px !important;}&#8221;][vc_single_image image=&#8221;172&#8243; img_size=&#8221;full&#8221; alignment=&#8221;center&#8221; css=&#8221;.vc_custom_1687008271136{margin-bottom: 0px !important;}&#8221;][vc_column_text el_class=&#8221;custom-white-text-box&#8221;]<\/p>\n<h4 class=\"font32\">Sustentabilidade no iib<\/h4>\n<p>No iib, integramos proactivamente os nossos objectivos de sustentabilidade em tudo o que fazemos. Alinhados com o ODS da ONU, compreendemos que a mudan\u00e7a real e duradoura se realiza atrav\u00e9s do esfor\u00e7o colectivo.<\/p>\n<div class=\"custom-theme-button\"><a title=\"\" href=\"\/westafrica\/pt\/sustentabilidade\/\">Ler +<\/a><\/div>\n<p>[\/vc_column_text][\/vc_column_inner][\/vc_row_inner][\/vc_column][\/vc_row][\/vc_section][vc_section disable_element=&#8221;yes&#8221; el_class=&#8221;font-size-36 button-style-box home-post-box custom-container-1301-width-three three_into_two boX3 homeseC2&#8243; css=&#8221;.vc_custom_1763135381767{padding-top: 65px !important;padding-bottom: 20px !important;}&#8221;][vc_row tm_bgimagefixed=&#8221;&#8221; break_in_responsive=&#8221;1200&#8243; tm_responsive_css=&#8221;46776267|colbreak_no||||||||0|colbreak_no|||||||||colbreak_no||||||||||colbreak_no|||||||||&#8221;][vc_column width=&#8221;1\/3&#8243;][vc_row_inner css=&#8221;.vc_custom_1663327856546{padding-right: 17.5px !important;padding-left: 17.5px !important;}&#8221; tm_responsive_css=&#8221;81372405|colbreak_no||||||0||0|colbreak_no|||||||||colbreak_no||||||||||colbreak_no|||||||||&#8221;][vc_column_inner][vc_single_image image=&#8221;12553&#8243; img_size=&#8221;full&#8221; alignment=&#8221;center&#8221; css=&#8221;.vc_custom_1762433126569{margin-bottom: 0px !important;}&#8221;][vc_column_text el_class=&#8221;three-column-white-text-box&#8221; css=&#8221;.vc_custom_1762433157246{background-color: #efefef !important;}&#8221;]<\/p>\n<h4>O iib West Africa ganha o pr\u00eamio de Melhor Banco Comercial de 2025 pela World Finance<\/h4>\n<div class=\"custom-theme-button\"><a title=\"\" href=\"\/westafrica\/pt\/iibank-news\/o-iib-west-africa-ganha-o-premio-de-melhor-banco-comercial-de-2025-pela-world-finance\/\">Ler +<\/a><\/div>\n<p>[\/vc_column_text][\/vc_column_inner][\/vc_row_inner][\/vc_column][vc_column width=&#8221;1\/3&#8243;][vc_row_inner css=&#8221;.vc_custom_1663330120047{padding-right: 17.5px !important;padding-left: 17.5px !important;}&#8221; tm_responsive_css=&#8221;19691641|colbreak_no||||||0||0|colbreak_no|||||||||colbreak_no||||||||||colbreak_no|||||||||&#8221;][vc_column_inner][vc_single_image image=&#8221;12620&#8243; img_size=&#8221;full&#8221; alignment=&#8221;center&#8221; css=&#8221;.vc_custom_1759747979771{margin-bottom: 0px !important;}&#8221;][vc_column_text el_class=&#8221;three-column-white-text-box&#8221; css=&#8221;.vc_custom_1759747952453{background-color: #efefef !important;}&#8221;]<\/p>\n<h4>iib anuncia mudan\u00e7a oficial de nome para Intercontinental Investment Bank<\/h4>\n<div class=\"custom-theme-button\"><a title=\"\" href=\"\/westafrica\/pt\/iibank-news\/iib-anuncia-mudanca-oficial-de-nome-para-intercontinental-investment-bank\/\">Ler +<\/a><\/div>\n<p>[\/vc_column_text][\/vc_column_inner][\/vc_row_inner][\/vc_column][vc_column width=&#8221;1\/3&#8243;][vc_row_inner css=&#8221;.vc_custom_1663327856546{padding-right: 17.5px !important;padding-left: 17.5px !important;}&#8221; tm_responsive_css=&#8221;81372405|colbreak_no||||||0||0|colbreak_no|||||||||colbreak_no||||||||||colbreak_no|||||||||&#8221;][vc_column_inner][vc_single_image image=&#8221;12623&#8243; img_size=&#8221;full&#8221; alignment=&#8221;center&#8221; css=&#8221;.vc_custom_1755776468323{margin-bottom: 0px !important;}&#8221;][vc_column_text el_class=&#8221;three-column-white-text-box&#8221; css=&#8221;.vc_custom_1755776421398{background-color: #efefef !important;}&#8221;]<\/p>\n<h4>O iibGroup financia bolsas de estudo no Reino Unido para estudantes de Cabo Verde e Djibuti<\/h4>\n<div class=\"custom-theme-button\"><a title=\"\" href=\"\/westafrica\/pt\/iibank-news\/o-iibgroup-financia-bolsas-de-estudo-no-reino-unido-para-estudantes-de-cabo-verde-e-djibuti\/\">Ler +<\/a><\/div>\n<p>[\/vc_column_text][\/vc_column_inner][\/vc_row_inner][\/vc_column][\/vc_row][\/vc_section][vc_section el_class=&#8221;font-size-36 button-style-box home-post-box custom-container-1301-width-three three_into_two boX3 homeseC2&#8243; css=&#8221;.vc_custom_1763135208510{padding-top: 65px !important;padding-bottom: 65px !important;}&#8221;][vc_row tm_bgimagefixed=&#8221;&#8221; break_in_responsive=&#8221;1200&#8243; tm_responsive_css=&#8221;46776267|colbreak_no||||||||0|colbreak_no|||||||||colbreak_no||||||||||colbreak_no|||||||||&#8221;][vc_column][vc_column_text css=&#8221;.vc_custom_1763135216691{margin-bottom: 0px !important;}&#8221;]<div class=\"relatedroW homerelateD\">\n            <div class=\"min-height-310\">\n                <div class=\"container p-0\">\n                    <div class=\"row\"><div class=\"col-md-4\">\n                <img src=\"https:\/\/www.iibanks.com\/westafrica\/wp-content\/uploads\/sites\/4\/2026\/04\/738x560.png\" alt=\"iib West Africa inaugura novo escrit\u00f3rio de representa\u00e7\u00e3o na Ilha do Sal\">\n                <div class=\"custom-white-text-box line-clamp-3\">\n                    <h4>iib West Africa inaugura novo escrit\u00f3rio de representa\u00e7\u00e3o na Ilha do Sal<\/h4>\n                    <p><\/p>\n                    <div class=\"custom-theme-button mt-45\">\n                        <a href=\"https:\/\/www.iibanks.com\/westafrica\/pt\/iibank-news\/iib-west-africa-inaugura-novo-escritorio-de-representacao-na-ilha-do-sal\/\">Ler +<\/a>\n                    <\/div>\n                <\/div>\n            <\/div><div class=\"col-md-4\">\n                <img src=\"https:\/\/www.iibanks.com\/westafrica\/wp-content\/uploads\/sites\/4\/2026\/03\/738x560-1.png\" alt=\"O iib conquista dois pr\u00eamios do Euromoney Private Banking Awards 2026\">\n                <div class=\"custom-white-text-box line-clamp-3\">\n                    <h4>O iib conquista dois pr\u00eamios do Euromoney Private Banking Awards 2026<\/h4>\n                    <p><\/p>\n                    <div class=\"custom-theme-button mt-45\">\n                        <a href=\"https:\/\/www.iibanks.com\/westafrica\/pt\/iibank-news\/o-iib-conquista-dois-premios-do-euromoney-private-banking-awards-2026\/\">Ler +<\/a>\n                    <\/div>\n                <\/div>\n            <\/div><div class=\"col-md-4\">\n                <img src=\"https:\/\/www.iibanks.com\/westafrica\/wp-content\/uploads\/sites\/4\/2025\/11\/N-738x560-3.png\" alt=\"Sohail Sultan, presidente do iibGroup, conversa com Joseph Giarraputo, fundador e diretor editorial da Global Finance, sobre finan\u00e7as sustent\u00e1veis e governan\u00e7a no iib.\">\n                <div class=\"custom-white-text-box line-clamp-3\">\n                    <h4>Sohail Sultan, presidente do iibGroup, conversa com Joseph Giarraputo, fundador e diretor editorial da Global Finance, sobre finan\u00e7as sustent\u00e1veis e governan\u00e7a no iib.<\/h4>\n                    <p><\/p>\n                    <div class=\"custom-theme-button mt-45\">\n                        <a href=\"https:\/\/www.iibanks.com\/westafrica\/pt\/iibank-news\/sohail-sultan-presidente-do-iibgroup-conversa-com-joseph-giarraputo-fundador-e-diretor-editorial-da-global-finance-sobre-financas-sustentaveis-e-governanca-no-iib\/\">Ler +<\/a>\n                    <\/div>\n                <\/div>\n            <\/div>\n                <\/div>\n            <\/div>\n        <\/div>[\/vc_column_text][\/vc_column][\/vc_row][\/vc_section][vc_section css=&#8221;.vc_custom_1673420578759{margin-bottom: 65px !important;padding-top: 65px !important;padding-right: 15px !important;padding-bottom: 65px !important;padding-left: 15px !important;background-color: #efefef !important;}&#8221; el_id=&#8221;home-price-list&#8221;][vc_row tm_bgimagefixed=&#8221;&#8221; el_class=&#8221;price-listing-main-content-box&#8221;][vc_column][vc_row_inner][vc_column_inner][vc_custom_heading text=&#8221;Pre\u00e7\u00e1rio&#8221; font_container=&#8221;tag:h2|font_size:36|text_align:left|line_height:1&#8243; use_theme_fonts=&#8221;yes&#8221; css=&#8221;.vc_custom_1680174484217{margin-bottom: 15px !important;}&#8221;][\/vc_column_inner][\/vc_row_inner][vc_row_inner][vc_column_inner width=&#8221;2\/3&#8243; tm_responsive_css=&#8221;45325402|colbreak_no|||||||||colbreak_no|||||||||colbreak_no|||||||30|||colbreak_no|||||||||&#8221;][vc_column_text el_class=&#8221;font-size-18 price-listing-box&#8221; css=&#8221;.vc_custom_1680197552371{margin-bottom: 0px !important;}&#8221;]O Pre\u00e7\u00e1rio do iib cont\u00e9m:<\/p>\n<ul>\n<li>\u00a0Folheto de Comiss\u00f5es e Despesas (que incorpora os valores m\u00e1ximos de todas as comiss\u00f5es, bem como o valor indicativo das principais despesas)<\/li>\n<li>Folheto de taxas de juro (que cont\u00e9m informa\u00e7\u00f5es sobre taxas de juro representativas) O pre\u00e7\u00e1rio tamb\u00e9m pode ser obtido em qualquer uma das nossas ag\u00eancias em Cabo Verde.<\/li>\n<\/ul>\n<p>[\/vc_column_text][\/vc_column_inner][vc_column_inner width=&#8221;1\/3&#8243;][vc_column_text el_class=&#8221;download-default-button&#8221; css=&#8221;.vc_custom_1753979353619{margin-bottom: 0px !important;}&#8221;]<\/p>\n<ul>\n<li>Pre\u00e7\u00e1rio do iib <a href=\"\/westafrica\/wp-content\/uploads\/sites\/4\/2025\/07\/PRECARIO-iibCV-2025.pdf\" download=\"\">Descarregar pdf<\/a><\/li>\n<li>Comunica\u00e7\u00f5es <a href=\"\/westafrica\/wp-content\/uploads\/sites\/4\/2023\/03\/COMMUNICATION-_Law-No-95.IX_.2020ENG..pdf\" download=\"\">Descarregar pdf<\/a><\/li>\n<\/ul>\n<p>[\/vc_column_text][\/vc_column_inner][\/vc_row_inner][\/vc_column][\/vc_row][\/vc_section]<\/p>\n<\/section>","protected":false},"excerpt":{"rendered":"<p>[vc_section full_width=&#8221;stretch_row_content&#8221; css=&#8221;.vc_custom_1752481008365{margin-right: 0px !important;margin-left: 0px !important;padding-right: 0px !important;padding-left: 0px !important;}&#8221;][vc_row tm_bgimagefixed=&#8221;&#8221; tm_zindex=&#8221;&#8221; full_width=&#8221;stretch_row_content_no_spaces&#8221; css=&#8221;.vc_custom_1752481000452{margin-right: 0px !important;margin-left: 0px !important;padding-right: 0px !important;padding-left: 0px !important;}&#8221;][vc_column tm_zindex=&#8221;&#8221; css=&#8221;.vc_custom_1752480992298{margin-right: 0px !important;margin-left: 0px !important;padding-right: 0px !important;padding-left: 0px !important;}&#8221;][vc_column_text el_class=&#8221;main-slider-text&#8221;] O Seu Banco, O Seu Futuro [\/vc_column_text][\/vc_column][\/vc_row][\/vc_section][vc_section full_width=&#8221;stretch_row_content&#8221; disable_element=&#8221;yes&#8221; el_class=&#8221;image-banner-with-text&#8221; css=&#8221;.vc_custom_1693828329620{padding-top: 0px !important;padding-bottom: 0px !important;}&#8221;][vc_row tm_bgimagefixed=&#8221;&#8221; full_width=&#8221;stretch_row_content_no_spaces&#8221;][vc_column][vc_row_inner][vc_column_inner css=&#8221;.vc_custom_1659424244579{padding-left: 0px !important;}&#8221;][vc_single_image image=&#8221;149&#8243; [&hellip;]<\/p>\n","protected":false},"author":1,"featured_media":0,"parent":0,"menu_order":0,"comment_status":"closed","ping_status":"closed","template":"","meta":[],"acf":[],"_links":{"self":[{"href":"https:\/\/www.iibanks.com\/westafrica\/wp-json\/wp\/v2\/pages\/697"}],"collection":[{"href":"https:\/\/www.iibanks.com\/westafrica\/wp-json\/wp\/v2\/pages"}],"about":[{"href":"https:\/\/www.iibanks.com\/westafrica\/wp-json\/wp\/v2\/types\/page"}],"author":[{"embeddable":true,"href":"https:\/\/www.iibanks.com\/westafrica\/wp-json\/wp\/v2\/users\/1"}],"replies":[{"embeddable":true,"href":"https:\/\/www.iibanks.com\/westafrica\/wp-json\/wp\/v2\/comments?post=697"}],"version-history":[{"count":127,"href":"https:\/\/www.iibanks.com\/westafrica\/wp-json\/wp\/v2\/pages\/697\/revisions"}],"predecessor-version":[{"id":13277,"href":"https:\/\/www.iibanks.com\/westafrica\/wp-json\/wp\/v2\/pages\/697\/revisions\/13277"}],"wp:attachment":[{"href":"https:\/\/www.iibanks.com\/westafrica\/wp-json\/wp\/v2\/media?parent=697"}],"curies":[{"name":"wp","href":"https:\/\/api.w.org\/{rel}","templated":true}]}}