
{"id":930,"date":"2023-03-30T13:06:13","date_gmt":"2023-03-30T13:06:13","guid":{"rendered":"https:\/\/www.iibanks.com\/westafrica\/?page_id=930"},"modified":"2025-08-07T10:35:27","modified_gmt":"2025-08-07T10:35:27","slug":"automovel","status":"publish","type":"page","link":"https:\/\/www.iibanks.com\/westafrica\/pt\/particular\/credito\/automovel\/","title":{"rendered":"Autom\u00f3vel"},"content":{"rendered":"<section class=\"wpb-content-wrapper\"><p>[vc_section full_width=&#8221;stretch_row_content&#8221; el_class=&#8221;image-banner-with-text bottom-203-banner-text&#8221; css=&#8221;.vc_custom_1665060976256{padding-top: 0px !important;padding-bottom: 0px !important;}&#8221;][vc_row tm_bgimagefixed=&#8221;&#8221; full_width=&#8221;stretch_row_content_no_spaces&#8221;][vc_column][vc_row_inner][vc_column_inner css=&#8221;.vc_custom_1659424244579{padding-left: 0px !important;}&#8221;][vc_single_image image=&#8221;351&#8243; img_size=&#8221;full&#8221; alignment=&#8221;center&#8221; css=&#8221;.vc_custom_1678962592151{margin-bottom: 0px !important;}&#8221;][vc_column_text el_class=&#8221;white-text banner-heading banner-text-box banner-caption-btn-135px&#8221; css=&#8221;.vc_custom_1680258736424{margin-bottom: 0px !important;padding-top: 15px !important;padding-bottom: 15px !important;background-color: rgba(10,10,10,0.35) !important;*background-color: rgb(10,10,10) !important;}&#8221;]<\/p>\n<p style=\"text-align: right;\">cr\u00e9dito autom\u00f3vel iib<\/p>\n<p class=\"iib-sub-caption\" style=\"text-align: right;\">conduza o seu sonho<\/p>\n<p>[\/vc_column_text][\/vc_column_inner][\/vc_row_inner][\/vc_column][\/vc_row][\/vc_section][vc_section css=&#8221;.vc_custom_1737973979591{padding-top: 65px !important;padding-bottom: 0px !important;}&#8221; el_class=&#8221;our-purpose-text-box ouroW&#8221;][vc_row tm_bgimagefixed=&#8221;&#8221; css=&#8221;.vc_custom_1667365774121{margin-bottom: 0px !important;}&#8221;][vc_column css=&#8221;.vc_custom_1667365779824{margin-bottom: 0px !important;}&#8221;][vc_column_text el_class=&#8221;font-34px special-spacing&#8221; css=&#8221;.vc_custom_1737974244382{margin-bottom: 0px !important;}&#8221;]Pretende comprar um carro novo ou usado? Com o cr\u00e9dito autom\u00f3vel iib pode conduzir hoje o seu sonho. Os nossos planos e op\u00e7\u00f5es de pagamento personalizados adaptam-se as suas necessidades.[\/vc_column_text][\/vc_column][\/vc_row][\/vc_section][vc_section css=&#8221;.vc_custom_1737973998243{padding-top: 65px !important;padding-bottom: 0px !important;}&#8221; el_class=&#8221;our-purpose-text-box applyroW absltE bgnonE&#8221;][vc_row tm_bgimagefixed=&#8221;&#8221; break_in_responsive=&#8221;1200&#8243; el_class=&#8221;font-size-24&#8243;][vc_column tm_col_bg_expand=&#8221;left&#8221; width=&#8221;1\/2&#8243; css=&#8221;.vc_custom_1667370558252{padding-right: 17.5px !important;background-color: #eeeeee !important;}&#8221; el_id=&#8221;requirement-box-bg-right&#8221;][vc_row_inner break_in_responsive=&#8221;1200&#8243; css=&#8221;.vc_custom_1667366560047{padding-right: 17.5px !important;}&#8221; tm_responsive_css=&#8221;33209346|colbreak_no||||||0|||colbreak_no|||||||||colbreak_no||||||||||colbreak_no|||||||||&#8221;][vc_column_inner el_class=&#8221;Who-Can-Apply-iib&#8221;][vc_custom_heading text=&#8221;Quem pode solicitar?&#8221; font_container=&#8221;tag:h4|font_size:34px|text_align:left&#8221; use_theme_fonts=&#8221;yes&#8221; css=&#8221;.vc_custom_1680258778987{margin-bottom: 15px !important;}&#8221;][vc_column_text el_class=&#8221;who-can-apply-border requirements-iib&#8221;]A partir dos 18 anos de idade<\/p>\n<p>Residentes ou n\u00e3o residentes em CV<\/p>\n<p>Montante de cr\u00e9dito flex\u00edvel[\/vc_column_text][\/vc_column_inner][\/vc_row_inner][\/vc_column][vc_column tm_col_bg_expand=&#8221;right&#8221; width=&#8221;1\/2&#8243; el_id=&#8221;requirement-box-bg-left&#8221; css=&#8221;.vc_custom_1667370600202{background-color: #eeeeee !important;}&#8221;][vc_row_inner break_in_responsive=&#8221;1200&#8243; css=&#8221;.vc_custom_1667369534893{padding-left: 17.5px !important;}&#8221; tm_responsive_css=&#8221;33209346|colbreak_no||||||0|||colbreak_no|||||||||colbreak_no||||||||||colbreak_no|||||||||&#8221;][vc_column_inner el_class=&#8221;Who-Can-Apply-iib&#8221; css=&#8221;.vc_custom_1667371214992{padding-left: 65px !important;}&#8221;][vc_custom_heading text=&#8221;Documentos necess\u00e1rios&#8221; font_container=&#8221;tag:h4|font_size:34px|text_align:left&#8221; use_theme_fonts=&#8221;yes&#8221; css=&#8221;.vc_custom_1680258832738{margin-bottom: 15px !important;}&#8221;][vc_column_text el_class=&#8221;who-can-apply-border requirements-iib&#8221;]Documento de identifica\u00e7\u00e3o<\/p>\n<p>Declara\u00e7\u00e3o de rendimentos<\/p>\n<p>Declara\u00e7\u00e3o de NIF[\/vc_column_text][\/vc_column_inner][\/vc_row_inner][\/vc_column][\/vc_row][\/vc_section][vc_section css=&#8221;.vc_custom_1672645671254{margin-top: 65px !important;padding-top: 65px !important;padding-right: 30px !important;padding-bottom: 65px !important;padding-left: 30px !important;background-color: #e6e6e6 !important;}&#8221; el_class=&#8221;font-size-36&#8243;][vc_row tm_bgimagefixed=&#8221;&#8221; el_class=&#8221;Debit-Card-Box-Custom&#8221;][vc_column css=&#8221;.vc_custom_1667394811400{padding-right: 0px !important;padding-left: 0px !important;}&#8221;][vc_row_inner][vc_column_inner][vc_custom_heading text=&#8221;Outras informa\u00e7\u00f5es&#8221; font_container=&#8221;tag:h2|font_size:36px|text_align:left|line_height:1&#8243; use_theme_fonts=&#8221;yes&#8221; el_class=&#8221;font-size-36&#8243;][\/vc_column_inner][\/vc_row_inner][vc_row_inner tm_zindex=&#8221;&#8221;][vc_column_inner tm_zindex=&#8221;&#8221;][vc_raw_html el_class=&#8221;otherInformation&#8221; css=&#8221;.vc_custom_1683102198408{margin-bottom: 0px !important;}&#8221;]JTNDdWwlM0UlMEElM0NsaSUzRUdhcmFudGlhcyUzQSUyMHByb21pc3MlQzMlQjNyaWElMkMlMjBjb250cmF0byUyMGRlJTIwZW1wciVDMyVBOXN0aW1vJTIwb3UlMjBoaXBvdGVjYSUyMCUzQyUyRmxpJTNFJTBBJTNDbGklM0VDYXJ0YSUyMGRlJTIwcGVkaWRvJTIwZm9ybWFsJTIwJTI4ZG9jdW1lbnRvcyUyMGRpc3BvbiVDMyVBRHZlaXMlMjBlbSUyMHF1YWxxdWVyJTIwYWclQzMlQUFuY2lhJTIwZG8lMjBpaWIlMjklMjAlM0MlMkZsaSUzRSUwQSUzQ2xpJTNFQ29udHJhdG8lMjBwcm9tZXNzYSUyMGRlJTIwY29tcHJhJTIwZSUyMHZlbmRhJTIwcXVhbmRvJTIwbmVjZXNzJUMzJUExcmlvJTNDJTJGbGklM0UlMEElM0MlMkZ1bCUzRSUwQQ==[\/vc_raw_html][\/vc_column_inner][\/vc_row_inner][vc_row_inner][vc_column_inner width=&#8221;2\/3&#8243;][vc_raw_html el_class=&#8221;otherInformation&#8221;]JTNDdWwlM0UlMEElM0NsaSUzRVBvc3NpYmlsaWRhZGUlMjBkZSUyMGdhcmFudGlhJTIwZGUlMjBjciVDMyVBOWRpdG8lMjBhdHJhdiVDMyVBOXMlMjBkYSUyMGNvbnN0aXR1aSVDMyVBNyVDMyVBM28lMjBkZSUyMERlcCVDMyVCM3NpdG8lMjBhJTIwcHJhem8lMjAlM0MlMkZsaSUzRSUwQSUzQ2xpJTNFUmVnaXN0byUyMGUlMjB0JUMzJUFEdHVsbyUyMGRlJTIwcHJvcHJpZWRhZGUlMjBkbyUyMHZlJUMzJUFEY3VsbyUyMCUzQyUyRmxpJTNFJTBBJTNDbGklM0VBdmFsaWElQzMlQTclQzMlQTNvJTIwZG8lMjB2ZSVDMyVBRGN1bG8lMkMlMjBzZSUyMG5lY2VzcyVDMyVBMXJpbyUzQyUyRmxpJTNFJTBBJTNDJTJGdWwlM0UlMEE=[\/vc_raw_html][\/vc_column_inner][vc_column_inner width=&#8221;1\/3&#8243;][vc_custom_heading text=&#8221;Pre\u00e7\u00e1rio do iib&#8221; font_container=&#8221;tag:h2|font_size:18px|text_align:center|color:%23575757|line_height:30px&#8221; use_theme_fonts=&#8221;yes&#8221;][vc_btn title=&#8221;Descarregar pdf&#8221; style=&#8221;custom&#8221; custom_background=&#8221;#312b6b&#8221; custom_text=&#8221;#ffffff&#8221; align=&#8221;center&#8221; el_class=&#8221;pricelist-pdf-btn&#8221; css=&#8221;.vc_custom_1754562917415{margin-bottom: 0px !important;}&#8221; link=&#8221;url:%2Fwestafrica%2Fwp-content%2Fuploads%2Fsites%2F4%2F2025%2F07%2FPRECARIO-iibCV-2025.pdf|target:_blank&#8221;][\/vc_column_inner][\/vc_row_inner][\/vc_column][\/vc_row][\/vc_section][vc_section el_class=&#8221;button-style-box custom-news-box custom-container-1299-width greyroW&#8221; css=&#8221;.vc_custom_1737974033125{margin-top: 65px !important;margin-bottom: 0px !important;padding-top: 30px !important;padding-bottom: 30px !important;background-color: #1a2159 !important;}&#8221;][vc_row][vc_column][vc_custom_heading text=&#8221;Your Bank, Your Future&#8221; font_container=&#8221;tag:h2|font_size:48px|text_align:center|color:%23ffffff&#8221; use_theme_fonts=&#8221;yes&#8221; el_class=&#8221;yourbank-font-bold&#8221; css=&#8221;.vc_custom_1667545067071{margin-bottom: 0px !important;}&#8221;][vc_separator color=&#8221;white&#8221; el_width=&#8221;30&#8243; el_class=&#8221;your-bank-border-width&#8221;][vc_custom_heading text=&#8221;O seu Banco, O seu Futuro&#8221; font_container=&#8221;tag:h2|font_size:48px|text_align:center|color:%23ffffff&#8221; use_theme_fonts=&#8221;yes&#8221; el_class=&#8221;yourbank-font-bold&#8221; css=&#8221;.vc_custom_1672656493497{margin-bottom: 0px !important;}&#8221;][\/vc_column][\/vc_row][\/vc_section][vc_section el_class=&#8221;button-style-box custom-news-box custom-container-1299-width boX2&#8243; css=&#8221;.vc_custom_1737974050909{padding-top: 65px !important;}&#8221;][vc_row tm_bgimagefixed=&#8221;&#8221; break_in_responsive=&#8221;1200&#8243;][vc_column width=&#8221;1\/2&#8243;][vc_row_inner css=&#8221;.vc_custom_1665399177732{padding-right: 17.5px !important;padding-left: 17.5px !important;}&#8221; tm_responsive_css=&#8221;51053834|colbreak_no||||||0||0|colbreak_no|||||||||colbreak_no||||||||||colbreak_no|||||||||&#8221;][vc_column_inner][vc_single_image image=&#8221;350&#8243; img_size=&#8221;full&#8221; alignment=&#8221;center&#8221; css=&#8221;.vc_custom_1678962604072{margin-bottom: 0px !important;}&#8221;][vc_column_text el_class=&#8221;custom-white-text-box&#8221; css=&#8221;.vc_custom_1680778193331{background-color: #efefef !important;}&#8221;]<\/p>\n<h4 class=\"tm-custom-heading \">Conta de dep\u00f3sito \u00e0 ordem iib<\/h4>\n<p>Fa\u00e7a de forma f\u00e1cil a gest\u00e3o das suas finan\u00e7as di\u00e1rias onde quer que esteja. A conta de dep\u00f3sito \u00e0 ordem iib simplifica a verifica\u00e7\u00e3o do seu saldo, o pagamento das suas contas e o envio de dinheiro a amigos e familiares.<\/p>\n<div class=\"custom-theme-button mt-45\"><a title=\"\" href=\"\/westafrica\/pt\/particular\/contas\/conta-corrente\/\">Ler +<\/a><\/div>\n<p>[\/vc_column_text][\/vc_column_inner][\/vc_row_inner][\/vc_column][vc_column width=&#8221;1\/2&#8243;][vc_row_inner css=&#8221;.vc_custom_1665399193555{padding-right: 17.5px !important;padding-left: 17.5px !important;}&#8221; tm_responsive_css=&#8221;58412134|colbreak_no||||||0||0|colbreak_no|||||||||colbreak_no||||||||||colbreak_no|||||||||&#8221;][vc_column_inner][vc_single_image image=&#8221;11565&#8243; img_size=&#8221;full&#8221; alignment=&#8221;center&#8221; css=&#8221;.vc_custom_1732186789562{margin-bottom: 0px !important;}&#8221;][vc_column_text el_class=&#8221;custom-white-text-box&#8221; css=&#8221;.vc_custom_1680778208396{background-color: #efefef !important;}&#8221;]<\/p>\n<h4>Dep\u00f3sito a prazo taxa crescente iib<\/h4>\n<p>Com o dep\u00f3sito a prazo taxa crescente iib, pode beneficiar de uma taxa de juro crescente durante 1 ano. Disfrute de um rendimento seguro e regular para ajudar a fazer face \u00e0s suas despesas.<\/p>\n<div class=\"custom-theme-button mt-45\"><a title=\"\" href=\"\/westafrica\/pt\/particular\/contas\/dep-taxa-crescente\/\">Ler +<\/a><\/div>\n<p>[\/vc_column_text][\/vc_column_inner][\/vc_row_inner][\/vc_column][\/vc_row][\/vc_section][vc_section el_class=&#8221;plscntcT vertcenteR&#8221;][vc_row tm_bgimagefixed=&#8221;&#8221; el_id=&#8221;pic-with-text-box-right&#8221;][vc_column css=&#8221;.vc_custom_1667376019123{padding-right: 0px !important;padding-left: 0px !important;}&#8221;][vc_row_inner tm_zindex=&#8221;&#8221; content_placement=&#8221;middle&#8221; css=&#8221;.vc_custom_1737974158612{margin-bottom: 0px !important;padding-right: 0px !important;padding-left: 0px !important;background-color: #e6e6e6 !important;}&#8221;][vc_column_inner tm_zindex=&#8221;&#8221; width=&#8221;2\/3&#8243; css=&#8221;.vc_custom_1680072636217{margin-bottom: 0px !important;padding-top: 0px !important;padding-right: 0px !important;padding-left: 0px !important;}&#8221;][vc_single_image image=&#8221;352&#8243; img_size=&#8221;full&#8221; css=&#8221;.vc_custom_1678962620998{margin-bottom: 0px !important;}&#8221;][\/vc_column_inner][vc_column_inner width=&#8221;1\/3&#8243; css=&#8221;.vc_custom_1667376869127{padding-left: 20px !important;}&#8221;][vc_custom_heading text=&#8221;Contacte-nos para qualquer quest\u00e3o&#8221; font_container=&#8221;tag:h2|font_size:36px|text_align:left|color:%23575757&#8243; use_theme_fonts=&#8221;yes&#8221; css=&#8221;.vc_custom_1680259162072{margin-bottom: 50px !important;}&#8221;]<div id=\"ultimate-heading-269869d0c14e1e2ed\" class=\"uvc-heading ult-adjust-bottom-margin ultimate-heading-269869d0c14e1e2ed uvc-269 \" data-hspacer=\"no_spacer\"  data-halign=\"left\" style=\"text-align:left\"><div class=\"uvc-heading-spacer no_spacer\" style=\"top\"><\/div><div class=\"uvc-main-heading ult-responsive\"  data-ultimate-target='.uvc-heading.ultimate-heading-269869d0c14e1e2ed h2'  data-responsive-json-new='{\"font-size\":\"\",\"line-height\":\"\"}' ><h2 style=\"font-weight:normal;margin-bottom:0px;\">+238 260 2626<\/h2><\/div><\/div>[\/vc_column_inner][\/vc_row_inner][\/vc_column][\/vc_row][\/vc_section]<\/p>\n<\/section>","protected":false},"excerpt":{"rendered":"<p>[vc_section full_width=&#8221;stretch_row_content&#8221; el_class=&#8221;image-banner-with-text bottom-203-banner-text&#8221; css=&#8221;.vc_custom_1665060976256{padding-top: 0px !important;padding-bottom: 0px !important;}&#8221;][vc_row tm_bgimagefixed=&#8221;&#8221; full_width=&#8221;stretch_row_content_no_spaces&#8221;][vc_column][vc_row_inner][vc_column_inner css=&#8221;.vc_custom_1659424244579{padding-left: 0px !important;}&#8221;][vc_single_image image=&#8221;351&#8243; img_size=&#8221;full&#8221; alignment=&#8221;center&#8221; css=&#8221;.vc_custom_1678962592151{margin-bottom: 0px !important;}&#8221;][vc_column_text el_class=&#8221;white-text banner-heading banner-text-box banner-caption-btn-135px&#8221; css=&#8221;.vc_custom_1680258736424{margin-bottom: 0px !important;padding-top: 15px !important;padding-bottom: 15px !important;background-color: rgba(10,10,10,0.35) !important;*background-color: rgb(10,10,10) !important;}&#8221;] cr\u00e9dito autom\u00f3vel iib conduza o seu sonho [\/vc_column_text][\/vc_column_inner][\/vc_row_inner][\/vc_column][\/vc_row][\/vc_section][vc_section css=&#8221;.vc_custom_1737973979591{padding-top: 65px !important;padding-bottom: 0px !important;}&#8221; el_class=&#8221;our-purpose-text-box ouroW&#8221;][vc_row tm_bgimagefixed=&#8221;&#8221; css=&#8221;.vc_custom_1667365774121{margin-bottom: 0px !important;}&#8221;][vc_column css=&#8221;.vc_custom_1667365779824{margin-bottom: [&hellip;]<\/p>\n","protected":false},"author":1,"featured_media":0,"parent":655,"menu_order":0,"comment_status":"closed","ping_status":"closed","template":"","meta":[],"acf":[],"_links":{"self":[{"href":"https:\/\/www.iibanks.com\/westafrica\/wp-json\/wp\/v2\/pages\/930"}],"collection":[{"href":"https:\/\/www.iibanks.com\/westafrica\/wp-json\/wp\/v2\/pages"}],"about":[{"href":"https:\/\/www.iibanks.com\/westafrica\/wp-json\/wp\/v2\/types\/page"}],"author":[{"embeddable":true,"href":"https:\/\/www.iibanks.com\/westafrica\/wp-json\/wp\/v2\/users\/1"}],"replies":[{"embeddable":true,"href":"https:\/\/www.iibanks.com\/westafrica\/wp-json\/wp\/v2\/comments?post=930"}],"version-history":[{"count":6,"href":"https:\/\/www.iibanks.com\/westafrica\/wp-json\/wp\/v2\/pages\/930\/revisions"}],"predecessor-version":[{"id":12573,"href":"https:\/\/www.iibanks.com\/westafrica\/wp-json\/wp\/v2\/pages\/930\/revisions\/12573"}],"up":[{"embeddable":true,"href":"https:\/\/www.iibanks.com\/westafrica\/wp-json\/wp\/v2\/pages\/655"}],"wp:attachment":[{"href":"https:\/\/www.iibanks.com\/westafrica\/wp-json\/wp\/v2\/media?parent=930"}],"curies":[{"name":"wp","href":"https:\/\/api.w.org\/{rel}","templated":true}]}}